{"id":817,"date":"2022-04-11T12:20:28","date_gmt":"2022-04-11T12:20:28","guid":{"rendered":"https:\/\/marescpa.com\/ley-de-cookies\/"},"modified":"2022-04-11T12:20:28","modified_gmt":"2022-04-11T12:20:28","slug":"ley-de-cookies","status":"publish","type":"page","link":"https:\/\/marescpa.com\/fr\/ley-de-cookies\/","title":{"rendered":"Ley de cookies"},"content":{"rendered":"<h2>Normativa sobre el uso de cookies<\/h2>\n<p>Esta Pol\u00edtica de Cookies es parte integrante del Aviso Legal y la Pol\u00edtica de Privacidad de MARES CPA S.L.. El acceso y la navegaci\u00f3n en el sitio, o el uso de los servicios del mismo, implican la aceptaci\u00f3n de las Condiciones Generales establecidas en nuestro Aviso Legal (y por tanto de la Pol\u00edtica de Privacidad y Pol\u00edtica de Cookies). Por favor, l\u00e9elas atentamente.<\/p>\n<p>Te agradecemos que hayas decidido visitarnos. Queremos que tu experiencia en el sitio sea lo mejor posible, y por ese motivo hemos escrito esta Pol\u00edtica de Cookies de la forma m\u00e1s transparente posible.<\/p>\n<p>\u00bfQu\u00e9 es una Cookie?<br \/>\nLas cookies son archivos que contienen peque\u00f1as cantidades de informaci\u00f3n que se descargan en el dispositivo del usuario que se utiliza cuando visitas un sitio web. Su finalidad principal es reconocer al usuario cada vez que accede a www.marescpa.com nos permite, adem\u00e1s, mejorar la calidad y la usabilidad de nuestra web.<\/p>\n<p>Las cookies son esenciales para el funcionamiento de Internet; no pueden da\u00f1ar el equipo\/dispositivo del usuario y, si se encuentran activadas en la configuraci\u00f3n de tu navegador, nos ayudan a identificar y resolver posibles errores de funcionamiento de www.marescpa.com .<\/p>\n<p>Tipos de Cookies<br \/>\nHay diferentes tipos de cookies. Todos ellos trabajan de la misma manera, pero tienen peque\u00f1as diferencias:<\/p>\n<p>\u201d Cookies de Sesi\u00f3n. Las cookies de sesi\u00f3n duran solamente por la duraci\u00f3n de tu visita y se<br \/>\nborran cuando cierras el navegador. Su finalidad principal es identificar el tipo de dispositivo,<br \/>\napoyar la seguridad sitio web o su funcionalidad b\u00e1sica. No contienen informaci\u00f3n personal<br \/>\nque nos permita identificar a una persona.<br \/>\n\u201d Cookies Persistentes o Permanentes: Se almacenan en el disco duro del dispositivo y<br \/>\nnuestra web las lee cada vez que realizas una nueva visita a (url de la web); posee una<br \/>\nfecha de caducidad o expiraci\u00f3n determinada, cumplida la cual la cookie deja de funcionar.<br \/>\nNos permiten identificar tus acciones y preferencias; analizar las visitas y nos ayudan a<br \/>\ncomprender c\u00f3mo llegan los usuarios a nuestra p\u00e1gina y mejorar nuestros servicios.<br \/>\n\u201d Cookies de Funcionalidad: Permiten a (url de la web) recordar decisiones adoptadas por<br \/>\nel usuario, como su login o identificador.<br \/>\nLa informaci\u00f3n de estas cookies recogen se anonimiza (es decir, no contiene ni tu nombre,<br \/>\ndirecci\u00f3n, u otros datos).<br \/>\n\u201d Cookies de Terceros. Las cookies de terceros son las cookies que instala un sitio web que<br \/>\nno es el que est\u00e1s visitando; por ejemplo, las usadas por redes sociales (como Facebook) o<br \/>\npor complementos externos de contenido (como Google Maps). Adem\u00e1s, algunas empresas<br \/>\nde publicidad usan este tipo de archivos para realizar un seguimiento de tus visitas en cada<br \/>\nsitio en el que se anuncian.<br \/>\n\u201d Cookies Anal\u00edticas: Son cookies que tienen por finalidad el mantenimiento peri\u00f3dico y<br \/>\ngarantizar el mejor funcionamiento y servicio al usuario; recopilando datos de tu actividad.<\/p>\n<p>Cl\u00e1usula web-lssi-empresa<\/p>\n<p>Uso de Cookies por parte de MARES CPA S.L.<\/p>\n<p>Mediante el acceso a www.marescpa.com , aceptas de manera expresa que podamos usar este tipo de cookies en tus dispositivos. Si desactivas las cookies, puede que tu navegaci\u00f3n por www.marescpa.com no sea \u00f3ptima y algunas de las utilidades que dispone www.marescpa.com , marescpa.com no funcionen correctamente.<\/p>\n<p>a) Cookies propias<br \/>\nCon el fin de reconocerte y prestarte un mejor servicio, nuestro sitio utiliza cookies (peque\u00f1os archivos de texto que tu navegador almacena) propias. Las ventajas que conlleva<br \/>\nla aceptaci\u00f3n de nuestras cookies se traduce en un ahorro de tiempo. Asimismo pueden ser<br \/>\nutilizadas tambi\u00e9n para reconocerte entre visitas sucesivas y as\u00ed adaptar el contenido que se<br \/>\nte muestra, para obtener informaci\u00f3n acerca de la fecha y hora de tu \u00faltima visita, medir algunos par\u00e1metros de tr\u00e1fico dentro del propio sitio, y estimar el n\u00famero de visitas realizadas, de manera que podamos enfocar y ajustar los servicios y promociones de forma<br \/>\nm\u00e1s efectiva.<\/p>\n<p>Ninguna cookie permite que pueda contactarse con tu n\u00famero de tel\u00e9fono, tu direcci\u00f3n de correo electr\u00f3nico o con cualquier otro medio de contacto. Ninguna cookie puede extraer informaci\u00f3n de tu disco duro o robar informaci\u00f3n personal.<\/p>\n<p>COOKIES ESTRICTAMENTE NECESARIAS<br \/>\nNombre Prop\u00f3sito<br \/>\nb) Cookies de Terceros. Cookies de Google Analytics<br \/>\nEl sitio utiliza el servicio Google Analytics, que es prestado por Google, Inc., entidad cuya oficina principal est\u00e1 en 1600 Amphitheatre Parkway, Mountain View (California), CA 94043,<br \/>\nEstados Unidos (\u201cGoogle\u201d).<\/p>\n<p>Google Analytics utiliza cookies para ayudarnos a analizar el uso que hacen los usuarios del<br \/>\nsitio. La informaci\u00f3n que genera la cookie acerca de tu uso del sitio (incluyendo tu direcci\u00f3n<br \/>\nIP) ser\u00e1 directamente transmitida y archivada por Google en sus servidores de Estados Unidos. Google usar\u00e1 esta informaci\u00f3n por cuenta nuestra con el prop\u00f3sito de seguir la pista<br \/>\nde tu uso del sitio, recopilando informes de la actividad del sitio y prestando otros servicios relacionados con la actividad del sitio y el uso de Internet. Google podr\u00e1 transmitir dicha informaci\u00f3n a terceros cuando as\u00ed se lo requiera la legislaci\u00f3n, o cuando dichos terceros procesen la informaci\u00f3n por cuenta de Google. Google no asociar\u00e1 tu direcci\u00f3n IP con ning\u00fan otro dato del que disponga Google.<\/p>\n<p>Si lo deseas puedes rechazar el tratamiento de los datos o la informaci\u00f3n rechazando el uso<br \/>\nde cookies mediante la selecci\u00f3n de la configuraci\u00f3n apropiada de tu navegador. Sin embargo, si lo haces, puede ser que no puedas usar la plena funcionabilidad de este sitio. Al utilizar este sitio consientes el tratamiento tu informaci\u00f3n por Google en la forma y para los fines arriba indicados.<\/p>\n<p>Cookies Analiticas<\/p>\n<p>Estas cookies de Google Analytics generan un ID de usuario an\u00f3nimo, que es el que se utiliza para hacer un recuento de cuantas veces visita<\/p>\n<p>MARES CPA S.L. tambi\u00e9n registra cuando fue la primera y la \u00faltima vez que el usuario visit\u00f3 la web. Asimismo, calcula cuando se ha terminado una sesi\u00f3n, origen<\/p>\n<p>Configuraci\u00f3n del usuario para evitar Cookies.<br \/>\nDesde MARES CPA S.L. y en cumplimiento de la normativa legal vigente, ponemos a tu disposici\u00f3n la informaci\u00f3n que te permita configurar tu navegador\/navegadores de Internet para mantener tu privacidad y seguridad en relaci\u00f3n a las cookies. Por ello, te facilitamos la informaci\u00f3n y enlaces a los sitos de soporte oficiales de los principales navegadores para que puedas decidir si deseas o no aceptar el uso de cookies.<\/p>\n<p>As\u00ed, puedes bloquear las cookies a trav\u00e9s de las herramientas de configuraci\u00f3n del navegador o bien puedes configurar tu navegador para que te avise cuando un servidor quiera guardar una cookie:<\/p>\n<p>a) Si utilizas Microsoft Internet Explorer, en la opci\u00f3n de men\u00fa Herramientas &gt; Opciones<br \/>\nde Internet &gt; Privacidad &gt; Configuraci\u00f3n. Para saber m\u00e1s visita<br \/>\nhttp:\/\/windows.microsoft.com\/es-es\/windows-vista\/block-or-allow-cookies y<br \/>\nhttp:\/\/windows.microsoft.com\/es-es\/windows7\/how-to-manage-cookies-in-internet-expl<br \/>\norer-9.<\/p>\n<p>b) Si utilizas Firefox, en la opci\u00f3n de men\u00fa Herramientas &gt; Opciones &gt; Privacidad &gt;<br \/>\nCookies. Para saber m\u00e1s visita<br \/>\nhttps:\/\/support.mozilla.org\/es\/kb\/habilitar-y-deshabilitar-cookies-que-los-sitios<br \/>\n-we<\/p>\n<p>c) Si utilizas Chrome, en la secci\u00f3n de Opciones &gt; Opciones avanzadas &gt; Privacidad. Para<br \/>\nsaber m\u00e1s http:\/\/support.google.com\/chrome\/bin\/answer.py?hl=es&amp;answer=95647<br \/>\nd) Si utilizas Opera, en la opci\u00f3n de Seguridad y Privacidad, podr\u00e1s configurar el<br \/>\nnavegador. Para saber m\u00e1s visita<br \/>\nhttp:\/\/www.opera.com\/help\/tutorials\/security\/cookies\/<\/p>\n","protected":false},"excerpt":{"rendered":"<p>Normativa sobre el uso de cookies Esta Pol\u00edtica de Cookies [&hellip;]<\/p>\n","protected":false},"author":1,"featured_media":0,"parent":0,"menu_order":0,"comment_status":"closed","ping_status":"closed","template":"","meta":{"footnotes":""},"yoast_head":"<!-- This site is optimized with the Yoast SEO plugin v23.5 - https:\/\/yoast.com\/wordpress\/plugins\/seo\/ -->\n<title>Ley de cookies - Marescpa<\/title>\n<meta name=\"robots\" content=\"index, follow, max-snippet:-1, max-image-preview:large, max-video-preview:-1\" \/>\n<link rel=\"canonical\" href=\"https:\/\/marescpa.com\/fr\/ley-de-cookies\/\" \/>\n<meta property=\"og:locale\" content=\"fr_FR\" \/>\n<meta property=\"og:type\" content=\"article\" \/>\n<meta property=\"og:title\" content=\"Ley de cookies - Marescpa\" \/>\n<meta property=\"og:description\" content=\"Normativa sobre el uso de cookies Esta Pol\u00edtica de Cookies [&hellip;]\" \/>\n<meta property=\"og:url\" content=\"https:\/\/marescpa.com\/fr\/ley-de-cookies\/\" \/>\n<meta property=\"og:site_name\" content=\"Marescpa\" \/>\n<meta name=\"twitter:card\" content=\"summary_large_image\" \/>\n<meta name=\"twitter:label1\" content=\"Dur\u00e9e de lecture estim\u00e9e\" \/>\n\t<meta name=\"twitter:data1\" content=\"6 minutes\" \/>\n<script type=\"application\/ld+json\" class=\"yoast-schema-graph\">{\"@context\":\"https:\/\/schema.org\",\"@graph\":[{\"@type\":\"WebPage\",\"@id\":\"https:\/\/marescpa.com\/fr\/ley-de-cookies\/\",\"url\":\"https:\/\/marescpa.com\/fr\/ley-de-cookies\/\",\"name\":\"Ley de cookies - Marescpa\",\"isPartOf\":{\"@id\":\"https:\/\/marescpa.com\/fr\/#website\"},\"datePublished\":\"2022-04-11T12:20:28+00:00\",\"dateModified\":\"2022-04-11T12:20:28+00:00\",\"breadcrumb\":{\"@id\":\"https:\/\/marescpa.com\/fr\/ley-de-cookies\/#breadcrumb\"},\"inLanguage\":\"fr-FR\",\"potentialAction\":[{\"@type\":\"ReadAction\",\"target\":[\"https:\/\/marescpa.com\/fr\/ley-de-cookies\/\"]}]},{\"@type\":\"BreadcrumbList\",\"@id\":\"https:\/\/marescpa.com\/fr\/ley-de-cookies\/#breadcrumb\",\"itemListElement\":[{\"@type\":\"ListItem\",\"position\":1,\"name\":\"Portada\",\"item\":\"https:\/\/marescpa.com\/fr\/\"},{\"@type\":\"ListItem\",\"position\":2,\"name\":\"Ley de cookies\"}]},{\"@type\":\"WebSite\",\"@id\":\"https:\/\/marescpa.com\/fr\/#website\",\"url\":\"https:\/\/marescpa.com\/fr\/\",\"name\":\"Marescpa\",\"description\":\"Just another WordPress site\",\"potentialAction\":[{\"@type\":\"SearchAction\",\"target\":{\"@type\":\"EntryPoint\",\"urlTemplate\":\"https:\/\/marescpa.com\/fr\/?s={search_term_string}\"},\"query-input\":{\"@type\":\"PropertyValueSpecification\",\"valueRequired\":true,\"valueName\":\"search_term_string\"}}],\"inLanguage\":\"fr-FR\"}]}<\/script>\n<!-- \/ Yoast SEO plugin. -->","yoast_head_json":{"title":"Ley de cookies - Marescpa","robots":{"index":"index","follow":"follow","max-snippet":"max-snippet:-1","max-image-preview":"max-image-preview:large","max-video-preview":"max-video-preview:-1"},"canonical":"https:\/\/marescpa.com\/fr\/ley-de-cookies\/","og_locale":"fr_FR","og_type":"article","og_title":"Ley de cookies - Marescpa","og_description":"Normativa sobre el uso de cookies Esta Pol\u00edtica de Cookies [&hellip;]","og_url":"https:\/\/marescpa.com\/fr\/ley-de-cookies\/","og_site_name":"Marescpa","twitter_card":"summary_large_image","twitter_misc":{"Dur\u00e9e de lecture estim\u00e9e":"6 minutes"},"schema":{"@context":"https:\/\/schema.org","@graph":[{"@type":"WebPage","@id":"https:\/\/marescpa.com\/fr\/ley-de-cookies\/","url":"https:\/\/marescpa.com\/fr\/ley-de-cookies\/","name":"Ley de cookies - Marescpa","isPartOf":{"@id":"https:\/\/marescpa.com\/fr\/#website"},"datePublished":"2022-04-11T12:20:28+00:00","dateModified":"2022-04-11T12:20:28+00:00","breadcrumb":{"@id":"https:\/\/marescpa.com\/fr\/ley-de-cookies\/#breadcrumb"},"inLanguage":"fr-FR","potentialAction":[{"@type":"ReadAction","target":["https:\/\/marescpa.com\/fr\/ley-de-cookies\/"]}]},{"@type":"BreadcrumbList","@id":"https:\/\/marescpa.com\/fr\/ley-de-cookies\/#breadcrumb","itemListElement":[{"@type":"ListItem","position":1,"name":"Portada","item":"https:\/\/marescpa.com\/fr\/"},{"@type":"ListItem","position":2,"name":"Ley de cookies"}]},{"@type":"WebSite","@id":"https:\/\/marescpa.com\/fr\/#website","url":"https:\/\/marescpa.com\/fr\/","name":"Marescpa","description":"Just another WordPress site","potentialAction":[{"@type":"SearchAction","target":{"@type":"EntryPoint","urlTemplate":"https:\/\/marescpa.com\/fr\/?s={search_term_string}"},"query-input":{"@type":"PropertyValueSpecification","valueRequired":true,"valueName":"search_term_string"}}],"inLanguage":"fr-FR"}]}},"_links":{"self":[{"href":"https:\/\/marescpa.com\/fr\/wp-json\/wp\/v2\/pages\/817"}],"collection":[{"href":"https:\/\/marescpa.com\/fr\/wp-json\/wp\/v2\/pages"}],"about":[{"href":"https:\/\/marescpa.com\/fr\/wp-json\/wp\/v2\/types\/page"}],"author":[{"embeddable":true,"href":"https:\/\/marescpa.com\/fr\/wp-json\/wp\/v2\/users\/1"}],"replies":[{"embeddable":true,"href":"https:\/\/marescpa.com\/fr\/wp-json\/wp\/v2\/comments?post=817"}],"version-history":[{"count":0,"href":"https:\/\/marescpa.com\/fr\/wp-json\/wp\/v2\/pages\/817\/revisions"}],"wp:attachment":[{"href":"https:\/\/marescpa.com\/fr\/wp-json\/wp\/v2\/media?parent=817"}],"curies":[{"name":"wp","href":"https:\/\/api.w.org\/{rel}","templated":true}]}}