{"id":814,"date":"2022-04-11T12:21:35","date_gmt":"2022-04-11T12:21:35","guid":{"rendered":"https:\/\/marescpa.com\/nosotros\/"},"modified":"2022-09-01T11:30:58","modified_gmt":"2022-09-01T11:30:58","slug":"nosotros","status":"publish","type":"page","link":"https:\/\/marescpa.com\/fr\/nosotros\/","title":{"rendered":"Qui sommes-nous"},"content":{"rendered":"<p><div class=\"fusion-fullwidth fullwidth-box fusion-builder-row-1 fusion-flex-container nonhundred-percent-fullwidth non-hundred-percent-height-scrolling\" style=\"background-color: rgba(255,255,255,0);background-position: center center;background-repeat: no-repeat;border-width: 0px 0px 0px 0px;border-color:var(--awb-color3);border-style:solid;\" ><div class=\"fusion-builder-row fusion-row fusion-flex-align-items-flex-start\" style=\"max-width:1248px;margin-left: calc(-4% \/ 2 );margin-right: calc(-4% \/ 2 );\"><div class=\"fusion-layout-column fusion_builder_column fusion-builder-column-0 fusion_builder_column_1_1 1_1 fusion-flex-column\"><div class=\"fusion-column-wrapper fusion-flex-justify-content-flex-start fusion-content-layout-column\" style=\"background-position:left top;background-repeat:no-repeat;-webkit-background-size:cover;-moz-background-size:cover;-o-background-size:cover;background-size:cover;padding: 0px 0px 0px 0px;\"><style type=\"text\/css\">.fusion-title.fusion-title-1 svg path{stroke-width:9!important}@media only screen and (max-width:1024px) {.fusion-title.fusion-title-1{margin-top:10px!important; margin-right:0px!important;margin-bottom:15px!important;margin-left:0px!important;}}@media only screen and (max-width:640px) {.fusion-title.fusion-title-1{margin-top:10px!important; margin-right:0px!important;margin-bottom:10px!important; margin-left:0px!important;}}<\/style><div class=\"fusion-title title fusion-title-1 fusion-sep-none fusion-title-highlight fusion-loop-on fusion-highlight-underline fusion-title-size-two\" style=\"margin-top:10px;margin-right:0px;margin-bottom:15px;margin-left:0px;\" data-highlight=\"underline\"><h2 class=\"title-heading-left\" style=\"margin:0;\"><span class=\"fusion-highlighted-text-prefix\"><\/span> <span class=\"fusion-highlighted-text-wrapper\"><span class=\"fusion-highlighted-text\">Qui sommes-nous<\/span><\/span> <span class=\"fusion-highlighted-text-postfix\"><\/span><\/h2><\/div><div class=\"fusion-separator fusion-full-width-sep\" style=\"align-self: center;margin-left: auto;margin-right: auto;margin-top:10px;margin-bottom:10px;width:100%;\"><\/div><div class=\"fusion-text fusion-text-1\"><p>Bienvenue sur Mares CpA<\/p>\n<p>La societ\u00e9 cr\u00e9e en 1992 est issue de la tradition d&rsquo;une famille qui consacre plus de soixante ans \u00e0 la selection, \u00e0 la pr\u00e9paration et \u00e0 la commercialisation du meilleur crin naturel de cheval.Depuis vingt-cinq ans Mares CpA travaille avec du crin de cheval sp\u00e9cialment trait\u00e9 pour \u00eatre pac\u00e9 sur l&rsquo;archet d&rsquo; instruments \u00e0 cordes: violon,alto,violoncelle,contrabasse&#8230;<\/p>\n<p>L&rsquo; exp\u00e9rience et la connaissance du crin garantissent sa haute qualit\u00e9. L&rsquo; origine du crin se trouve dans les regions les plus s\u00e9ches et les plus froides de la Mongolie, de la Sib\u00e8rie e de la Chine.<\/p>\n<p>La fid\u00e9lit\u00e9 de nos clients ainsi que notre passage dans les principaux salons du secteur: Cremona Mondom\u00fasica (Cremona \u2013 Italia), Musicora (Paris \u2013 Francia) y Musikmesse (Frankfurt \u2013 Alemania) sont notre r\u00e9f\u00e9rence.<\/p>\n<\/div><\/div><style type=\"text\/css\">.fusion-body .fusion-builder-column-0{width:100% !important;margin-top : 0px;margin-bottom : 20px;}.fusion-builder-column-0 > .fusion-column-wrapper {padding-top : 0px !important;padding-right : 0px !important;margin-right : 1.92%;padding-bottom : 0px !important;padding-left : 0px !important;margin-left : 1.92%;}@media only screen and (max-width:1024px) {.fusion-body .fusion-builder-column-0{width:100% !important;order : 0;}.fusion-builder-column-0 > .fusion-column-wrapper {margin-right : 1.92%;margin-left : 1.92%;}}@media only screen and (max-width:640px) {.fusion-body .fusion-builder-column-0{width:100% !important;order : 0;}.fusion-builder-column-0 > .fusion-column-wrapper {margin-right : 1.92%;margin-left : 1.92%;}}<\/style><\/div><\/div><style type=\"text\/css\">.fusion-body .fusion-flex-container.fusion-builder-row-1{ padding-top : 0px;margin-top : 0px;padding-right : 0px;padding-bottom : 0px;margin-bottom : 0px;padding-left : 0px;}<\/style><\/div><div class=\"fusion-fullwidth fullwidth-box fusion-builder-row-2 fusion-flex-container nonhundred-percent-fullwidth non-hundred-percent-height-scrolling\" style=\"background-color: rgba(255,255,255,0);background-position: center center;background-repeat: no-repeat;border-width: 0px 0px 0px 0px;border-color:var(--awb-color3);border-style:solid;\" ><div class=\"fusion-builder-row fusion-row fusion-flex-align-items-flex-start\" style=\"max-width:1248px;margin-left: calc(-4% \/ 2 );margin-right: calc(-4% \/ 2 );\"><div class=\"fusion-layout-column fusion_builder_column fusion-builder-column-1 fusion_builder_column_1_1 1_1 fusion-flex-column\"><div class=\"fusion-column-wrapper fusion-flex-justify-content-flex-start fusion-content-layout-column\" style=\"background-position:left top;background-repeat:no-repeat;-webkit-background-size:cover;-moz-background-size:cover;-o-background-size:cover;background-size:cover;padding: 0px 0px 0px 0px;\"><style type=\"text\/css\">.fusion-title.fusion-title-2 svg path{stroke-width:9!important}@media only screen and (max-width:1024px) {.fusion-title.fusion-title-2{margin-top:10px!important; margin-right:0px!important;margin-bottom:15px!important;margin-left:0px!important;}}@media only screen and (max-width:640px) {.fusion-title.fusion-title-2{margin-top:10px!important; margin-right:0px!important;margin-bottom:10px!important; margin-left:0px!important;}}<\/style><div class=\"fusion-title title fusion-title-2 fusion-sep-none fusion-title-highlight fusion-loop-on fusion-highlight-underline fusion-title-size-two\" style=\"margin-top:10px;margin-right:0px;margin-bottom:15px;margin-left:0px;\" data-highlight=\"underline\"><h2 class=\"title-heading-left\" style=\"margin:0;\"><span class=\"fusion-highlighted-text-prefix\"><\/span> <span class=\"fusion-highlighted-text-wrapper\"><span class=\"fusion-highlighted-text\">Crin de cheval<\/span><\/span> <span class=\"fusion-highlighted-text-postfix\"><\/span><\/h2><\/div><div class=\"fusion-separator fusion-full-width-sep\" style=\"align-self: center;margin-left: auto;margin-right: auto;margin-top:10px;margin-bottom:10px;width:100%;\"><\/div><div class=\"fusion-text fusion-text-2\"><p>Mongolie Deluxe,Siberie Deluxe,Mongolie,Siberie,Mandchurie,noir,gris,color\u00e9<\/p>\n<p>Botte de crin (100g\/250g\/500g) &#8211; m\u00e8ches de crin (6g\/7g\/8g\/10g)<\/p>\n<p>Nous esp\u00e9rons que les fiff\u00e9rentes qualit\u00e9s et pr\u00e9sentations du crin son adapt\u00e9es a vos besoins.<\/p>\n<\/div><\/div><style type=\"text\/css\">.fusion-body .fusion-builder-column-1{width:100% !important;margin-top : 0px;margin-bottom : 20px;}.fusion-builder-column-1 > .fusion-column-wrapper {padding-top : 0px !important;padding-right : 0px !important;margin-right : 1.92%;padding-bottom : 0px !important;padding-left : 0px !important;margin-left : 1.92%;}@media only screen and (max-width:1024px) {.fusion-body .fusion-builder-column-1{width:100% !important;order : 0;}.fusion-builder-column-1 > .fusion-column-wrapper {margin-right : 1.92%;margin-left : 1.92%;}}@media only screen and (max-width:640px) {.fusion-body .fusion-builder-column-1{width:100% !important;order : 0;}.fusion-builder-column-1 > .fusion-column-wrapper {margin-right : 1.92%;margin-left : 1.92%;}}<\/style><\/div><\/div><style type=\"text\/css\">.fusion-body .fusion-flex-container.fusion-builder-row-2{ padding-top : 0px;margin-top : 20px;padding-right : 0px;padding-bottom : 0px;margin-bottom : 0px;padding-left : 0px;}<\/style><\/div><div class=\"fusion-fullwidth fullwidth-box fusion-builder-row-3 fusion-flex-container nonhundred-percent-fullwidth non-hundred-percent-height-scrolling\" style=\"background-color: rgba(255,255,255,0);background-position: center center;background-repeat: no-repeat;border-width: 0px 0px 0px 0px;border-color:var(--awb-color3);border-style:solid;\" ><div class=\"fusion-builder-row fusion-row fusion-flex-align-items-flex-start\" style=\"max-width:1248px;margin-left: calc(-4% \/ 2 );margin-right: calc(-4% \/ 2 );\"><div class=\"fusion-layout-column fusion_builder_column fusion-builder-column-2 fusion_builder_column_1_1 1_1 fusion-flex-column\"><div class=\"fusion-column-wrapper fusion-flex-justify-content-flex-start fusion-content-layout-column\" style=\"background-position:left top;background-repeat:no-repeat;-webkit-background-size:cover;-moz-background-size:cover;-o-background-size:cover;background-size:cover;padding: 0px 0px 0px 0px;\"><style type=\"text\/css\">.fusion-title.fusion-title-3 svg path{stroke-width:9!important}@media only screen and (max-width:1024px) {.fusion-title.fusion-title-3{margin-top:10px!important; margin-right:0px!important;margin-bottom:15px!important;margin-left:0px!important;}}@media only screen and (max-width:640px) {.fusion-title.fusion-title-3{margin-top:10px!important; margin-right:0px!important;margin-bottom:10px!important; margin-left:0px!important;}}<\/style><div class=\"fusion-title title fusion-title-3 fusion-sep-none fusion-title-highlight fusion-loop-on fusion-highlight-underline fusion-title-size-two\" style=\"margin-top:10px;margin-right:0px;margin-bottom:15px;margin-left:0px;\" data-highlight=\"underline\"><h2 class=\"title-heading-left\" style=\"margin:0;\"><span class=\"fusion-highlighted-text-prefix\"><\/span> <span class=\"fusion-highlighted-text-wrapper\"><span class=\"fusion-highlighted-text\">Accesorios &amp; Cuidados<\/span><\/span> <span class=\"fusion-highlighted-text-postfix\"><\/span><\/h2><\/div><div class=\"fusion-separator fusion-full-width-sep\" style=\"align-self: center;margin-left: auto;margin-right: auto;margin-top:10px;margin-bottom:10px;width:100%;\"><\/div><div class=\"fusion-text fusion-text-3\"><p>Mares CpA ofrece una selecci\u00f3n de materiales necesarios para el encerdado y cuidado de las cerdas.<\/p>\n<p>Para m\u00e1s informaci\u00f3n puede contactar a trav\u00e9s de email o tel\u00e9fono: <strong>beatriz@marescpa.com \u2013 620 900 930 <\/strong><\/p>\n<\/div><\/div><style type=\"text\/css\">.fusion-body .fusion-builder-column-2{width:100% !important;margin-top : 0px;margin-bottom : 20px;}.fusion-builder-column-2 > .fusion-column-wrapper {padding-top : 0px !important;padding-right : 0px !important;margin-right : 1.92%;padding-bottom : 0px !important;padding-left : 0px !important;margin-left : 1.92%;}@media only screen and (max-width:1024px) {.fusion-body .fusion-builder-column-2{width:100% !important;order : 0;}.fusion-builder-column-2 > .fusion-column-wrapper {margin-right : 1.92%;margin-left : 1.92%;}}@media only screen and (max-width:640px) {.fusion-body .fusion-builder-column-2{width:100% !important;order : 0;}.fusion-builder-column-2 > .fusion-column-wrapper {margin-right : 1.92%;margin-left : 1.92%;}}<\/style><\/div><\/div><style type=\"text\/css\">.fusion-body .fusion-flex-container.fusion-builder-row-3{ padding-top : 0px;margin-top : 20px;padding-right : 0px;padding-bottom : 0px;margin-bottom : 0px;padding-left : 0px;}<\/style><\/div><div class=\"fusion-fullwidth fullwidth-box fusion-builder-row-4 fusion-flex-container nonhundred-percent-fullwidth non-hundred-percent-height-scrolling\" style=\"background-color: rgba(255,255,255,0);background-position: center center;background-repeat: no-repeat;border-width: 0px 0px 0px 0px;border-color:var(--awb-color3);border-style:solid;\" ><div class=\"fusion-builder-row fusion-row fusion-flex-align-items-stretch\" style=\"max-width:1248px;margin-left: calc(-4% \/ 2 );margin-right: calc(-4% \/ 2 );\"><div class=\"fusion-layout-column fusion_builder_column fusion-builder-column-3 fusion_builder_column_1_1 1_1 fusion-flex-column fusion-flex-align-self-stretch\"><div class=\"fusion-column-wrapper fusion-flex-justify-content-flex-start fusion-content-layout-column\" style=\"background-position:left top;background-repeat:no-repeat;-webkit-background-size:cover;-moz-background-size:cover;-o-background-size:cover;background-size:cover;padding: 0px 0px 0px 0px;\"><div class=\"fusion-image-carousel fusion-image-carousel-auto fusion-image-carousel-1 lightbox-enabled\"><div class=\"fusion-carousel\" data-autoplay=\"no\" data-columns=\"4\" data-itemmargin=\"13\" data-itemwidth=\"180\" data-touchscroll=\"no\" data-imagesize=\"auto\"><div class=\"fusion-carousel-positioner\"><ul class=\"fusion-carousel-holder\"><li class=\"fusion-carousel-item\"><div class=\"fusion-carousel-item-wrapper\"><div class=\"fusion-image-wrapper hover-type-none\"><a data-rel=\"iLightbox[image_carousel_1]\" data-title=\"fabrica\" aria-label=\"fabrica\" href=\"https:\/\/marescpa.com\/wp-content\/uploads\/2022\/04\/fabrica.jpg\" target=\"_self\"><img decoding=\"async\" width=\"540\" height=\"354\" src=\"https:\/\/marescpa.com\/wp-content\/uploads\/2022\/04\/fabrica.jpg\" class=\"attachment-full size-full\" alt=\"\" srcset=\"https:\/\/marescpa.com\/wp-content\/uploads\/2022\/04\/fabrica-200x131.jpg 200w, https:\/\/marescpa.com\/wp-content\/uploads\/2022\/04\/fabrica-400x262.jpg 400w, https:\/\/marescpa.com\/wp-content\/uploads\/2022\/04\/fabrica.jpg 540w\" sizes=\"(min-width: 2200px) 100vw, (min-width: 856px) 290px, (min-width: 784px) 387px, (min-width: 712px) 581px, (min-width: 640px) 712px, \" \/><\/a><\/div><\/div><\/li><li class=\"fusion-carousel-item\"><div class=\"fusion-carousel-item-wrapper\"><div class=\"fusion-image-wrapper hover-type-none\"><a data-rel=\"iLightbox[image_carousel_1]\" data-title=\"fabrica primera\" aria-label=\"fabrica primera\" href=\"https:\/\/marescpa.com\/wp-content\/uploads\/2022\/04\/fabrica-primera.jpg\" target=\"_self\"><img decoding=\"async\" width=\"339\" height=\"227\" src=\"https:\/\/marescpa.com\/wp-content\/uploads\/2022\/04\/fabrica-primera.jpg\" class=\"attachment-full size-full\" alt=\"\" srcset=\"https:\/\/marescpa.com\/wp-content\/uploads\/2022\/04\/fabrica-primera-200x134.jpg 200w, https:\/\/marescpa.com\/wp-content\/uploads\/2022\/04\/fabrica-primera.jpg 339w\" sizes=\"(min-width: 2200px) 100vw, (min-width: 856px) 290px, (min-width: 784px) 387px, (min-width: 712px) 581px, (min-width: 640px) 712px, \" \/><\/a><\/div><\/div><\/li><li class=\"fusion-carousel-item\"><div class=\"fusion-carousel-item-wrapper\"><div class=\"fusion-image-wrapper hover-type-none\"><a data-rel=\"iLightbox[image_carousel_1]\" data-title=\"tarjeta abuelo\" aria-label=\"tarjeta abuelo\" href=\"https:\/\/marescpa.com\/wp-content\/uploads\/2022\/04\/tarjeta-abuelo.jpg\" target=\"_self\"><img decoding=\"async\" width=\"472\" height=\"354\" src=\"https:\/\/marescpa.com\/wp-content\/uploads\/2022\/04\/tarjeta-abuelo.jpg\" class=\"attachment-full size-full\" alt=\"\" srcset=\"https:\/\/marescpa.com\/wp-content\/uploads\/2022\/04\/tarjeta-abuelo-200x150.jpg 200w, https:\/\/marescpa.com\/wp-content\/uploads\/2022\/04\/tarjeta-abuelo-400x300.jpg 400w, https:\/\/marescpa.com\/wp-content\/uploads\/2022\/04\/tarjeta-abuelo.jpg 472w\" sizes=\"(min-width: 2200px) 100vw, (min-width: 856px) 290px, (min-width: 784px) 387px, (min-width: 712px) 581px, (min-width: 640px) 712px, \" \/><\/a><\/div><\/div><\/li><li class=\"fusion-carousel-item\"><div class=\"fusion-carousel-item-wrapper\"><div class=\"fusion-image-wrapper hover-type-none\"><a data-rel=\"iLightbox[image_carousel_1]\" data-title=\"30 a\u00f1os\" aria-label=\"30 a\u00f1os\" href=\"https:\/\/marescpa.com\/wp-content\/uploads\/2022\/04\/30-anos.jpg\" target=\"_self\"><img decoding=\"async\" width=\"227\" height=\"227\" src=\"https:\/\/marescpa.com\/wp-content\/uploads\/2022\/04\/30-anos.jpg\" class=\"attachment-full size-full\" alt=\"\" srcset=\"https:\/\/marescpa.com\/wp-content\/uploads\/2022\/04\/30-anos-200x200.jpg 200w, https:\/\/marescpa.com\/wp-content\/uploads\/2022\/04\/30-anos.jpg 227w\" sizes=\"(min-width: 2200px) 100vw, (min-width: 856px) 290px, (min-width: 784px) 387px, (min-width: 712px) 581px, (min-width: 640px) 712px, \" \/><\/a><\/div><\/div><\/li><li class=\"fusion-carousel-item\"><div class=\"fusion-carousel-item-wrapper\"><div class=\"fusion-image-wrapper hover-type-none\"><a data-rel=\"iLightbox[image_carousel_1]\" data-title=\"contactar Beatriz\" aria-label=\"contactar Beatriz\" href=\"https:\/\/marescpa.com\/wp-content\/uploads\/2022\/04\/contactar-Beatriz.jpg\" target=\"_self\"><img decoding=\"async\" width=\"278\" height=\"323\" src=\"https:\/\/marescpa.com\/wp-content\/uploads\/2022\/04\/contactar-Beatriz.jpg\" class=\"attachment-full size-full\" alt=\"\" srcset=\"https:\/\/marescpa.com\/wp-content\/uploads\/2022\/04\/contactar-Beatriz-200x232.jpg 200w, https:\/\/marescpa.com\/wp-content\/uploads\/2022\/04\/contactar-Beatriz.jpg 278w\" sizes=\"(min-width: 2200px) 100vw, (min-width: 856px) 290px, (min-width: 784px) 387px, (min-width: 712px) 581px, (min-width: 640px) 712px, \" \/><\/a><\/div><\/div><\/li><li class=\"fusion-carousel-item\"><div class=\"fusion-carousel-item-wrapper\"><div class=\"fusion-image-wrapper hover-type-none\"><a data-rel=\"iLightbox[image_carousel_1]\" data-title=\"logo-para-web2\" aria-label=\"logo-para-web2\" href=\"https:\/\/marescpa.com\/wp-content\/uploads\/2022\/05\/logo-para-web2.png\" target=\"_self\"><img decoding=\"async\" width=\"250\" height=\"114\" src=\"https:\/\/marescpa.com\/wp-content\/uploads\/2022\/05\/logo-para-web2.png\" class=\"attachment-full size-full\" alt=\"\" srcset=\"https:\/\/marescpa.com\/wp-content\/uploads\/2022\/05\/logo-para-web2-200x91.png 200w, https:\/\/marescpa.com\/wp-content\/uploads\/2022\/05\/logo-para-web2.png 250w\" sizes=\"(min-width: 2200px) 100vw, (min-width: 856px) 290px, (min-width: 784px) 387px, (min-width: 712px) 581px, (min-width: 640px) 712px, \" \/><\/a><\/div><\/div><\/li><\/ul><div class=\"fusion-carousel-nav\"><span class=\"fusion-nav-prev\"><\/span><span class=\"fusion-nav-next\"><\/span><\/div><\/div><\/div><\/div><\/div><style type=\"text\/css\">.fusion-body .fusion-builder-column-3{width:100% !important;margin-top : 0px;margin-bottom : 20px;}.fusion-builder-column-3 > .fusion-column-wrapper {padding-top : 0px !important;padding-right : 0px !important;margin-right : 1.92%;padding-bottom : 0px !important;padding-left : 0px !important;margin-left : 1.92%;}@media only screen and (max-width:1024px) {.fusion-body .fusion-builder-column-3{width:100% !important;order : 0;}.fusion-builder-column-3 > .fusion-column-wrapper {margin-right : 1.92%;margin-left : 1.92%;}}@media only screen and (max-width:640px) {.fusion-body .fusion-builder-column-3{width:100% !important;order : 0;}.fusion-builder-column-3 > .fusion-column-wrapper {margin-right : 1.92%;margin-left : 1.92%;}}<\/style><\/div><\/div><style type=\"text\/css\">.fusion-body .fusion-flex-container.fusion-builder-row-4{ padding-top : 0px;margin-top : 20px;padding-right : 0px;padding-bottom : 0px;margin-bottom : 0px;padding-left : 0px;}<\/style><\/div><\/p>\n","protected":false},"excerpt":{"rendered":"","protected":false},"author":1,"featured_media":0,"parent":0,"menu_order":0,"comment_status":"closed","ping_status":"closed","template":"","meta":{"footnotes":""},"yoast_head":"<!-- This site is optimized with the Yoast SEO plugin v23.5 - https:\/\/yoast.com\/wordpress\/plugins\/seo\/ -->\n<title>Qui sommes-nous - Marescpa<\/title>\n<meta name=\"robots\" content=\"index, follow, max-snippet:-1, max-image-preview:large, max-video-preview:-1\" \/>\n<link rel=\"canonical\" href=\"https:\/\/marescpa.com\/fr\/nosotros\/\" \/>\n<meta property=\"og:locale\" content=\"fr_FR\" \/>\n<meta property=\"og:type\" content=\"article\" \/>\n<meta property=\"og:title\" content=\"Qui sommes-nous - Marescpa\" \/>\n<meta property=\"og:url\" content=\"https:\/\/marescpa.com\/fr\/nosotros\/\" \/>\n<meta property=\"og:site_name\" content=\"Marescpa\" \/>\n<meta property=\"article:modified_time\" content=\"2022-09-01T11:30:58+00:00\" \/>\n<meta name=\"twitter:card\" content=\"summary_large_image\" \/>\n<meta name=\"twitter:label1\" content=\"Dur\u00e9e de lecture estim\u00e9e\" \/>\n\t<meta name=\"twitter:data1\" content=\"8 minutes\" \/>\n<script type=\"application\/ld+json\" class=\"yoast-schema-graph\">{\"@context\":\"https:\/\/schema.org\",\"@graph\":[{\"@type\":\"WebPage\",\"@id\":\"https:\/\/marescpa.com\/fr\/nosotros\/\",\"url\":\"https:\/\/marescpa.com\/fr\/nosotros\/\",\"name\":\"Qui sommes-nous - Marescpa\",\"isPartOf\":{\"@id\":\"https:\/\/marescpa.com\/fr\/#website\"},\"datePublished\":\"2022-04-11T12:21:35+00:00\",\"dateModified\":\"2022-09-01T11:30:58+00:00\",\"breadcrumb\":{\"@id\":\"https:\/\/marescpa.com\/fr\/nosotros\/#breadcrumb\"},\"inLanguage\":\"fr-FR\",\"potentialAction\":[{\"@type\":\"ReadAction\",\"target\":[\"https:\/\/marescpa.com\/fr\/nosotros\/\"]}]},{\"@type\":\"BreadcrumbList\",\"@id\":\"https:\/\/marescpa.com\/fr\/nosotros\/#breadcrumb\",\"itemListElement\":[{\"@type\":\"ListItem\",\"position\":1,\"name\":\"Portada\",\"item\":\"https:\/\/marescpa.com\/fr\/\"},{\"@type\":\"ListItem\",\"position\":2,\"name\":\"Qui sommes-nous\"}]},{\"@type\":\"WebSite\",\"@id\":\"https:\/\/marescpa.com\/fr\/#website\",\"url\":\"https:\/\/marescpa.com\/fr\/\",\"name\":\"Marescpa\",\"description\":\"Just another WordPress site\",\"potentialAction\":[{\"@type\":\"SearchAction\",\"target\":{\"@type\":\"EntryPoint\",\"urlTemplate\":\"https:\/\/marescpa.com\/fr\/?s={search_term_string}\"},\"query-input\":{\"@type\":\"PropertyValueSpecification\",\"valueRequired\":true,\"valueName\":\"search_term_string\"}}],\"inLanguage\":\"fr-FR\"}]}<\/script>\n<!-- \/ Yoast SEO plugin. -->","yoast_head_json":{"title":"Qui sommes-nous - Marescpa","robots":{"index":"index","follow":"follow","max-snippet":"max-snippet:-1","max-image-preview":"max-image-preview:large","max-video-preview":"max-video-preview:-1"},"canonical":"https:\/\/marescpa.com\/fr\/nosotros\/","og_locale":"fr_FR","og_type":"article","og_title":"Qui sommes-nous - Marescpa","og_url":"https:\/\/marescpa.com\/fr\/nosotros\/","og_site_name":"Marescpa","article_modified_time":"2022-09-01T11:30:58+00:00","twitter_card":"summary_large_image","twitter_misc":{"Dur\u00e9e de lecture estim\u00e9e":"8 minutes"},"schema":{"@context":"https:\/\/schema.org","@graph":[{"@type":"WebPage","@id":"https:\/\/marescpa.com\/fr\/nosotros\/","url":"https:\/\/marescpa.com\/fr\/nosotros\/","name":"Qui sommes-nous - Marescpa","isPartOf":{"@id":"https:\/\/marescpa.com\/fr\/#website"},"datePublished":"2022-04-11T12:21:35+00:00","dateModified":"2022-09-01T11:30:58+00:00","breadcrumb":{"@id":"https:\/\/marescpa.com\/fr\/nosotros\/#breadcrumb"},"inLanguage":"fr-FR","potentialAction":[{"@type":"ReadAction","target":["https:\/\/marescpa.com\/fr\/nosotros\/"]}]},{"@type":"BreadcrumbList","@id":"https:\/\/marescpa.com\/fr\/nosotros\/#breadcrumb","itemListElement":[{"@type":"ListItem","position":1,"name":"Portada","item":"https:\/\/marescpa.com\/fr\/"},{"@type":"ListItem","position":2,"name":"Qui sommes-nous"}]},{"@type":"WebSite","@id":"https:\/\/marescpa.com\/fr\/#website","url":"https:\/\/marescpa.com\/fr\/","name":"Marescpa","description":"Just another WordPress site","potentialAction":[{"@type":"SearchAction","target":{"@type":"EntryPoint","urlTemplate":"https:\/\/marescpa.com\/fr\/?s={search_term_string}"},"query-input":{"@type":"PropertyValueSpecification","valueRequired":true,"valueName":"search_term_string"}}],"inLanguage":"fr-FR"}]}},"_links":{"self":[{"href":"https:\/\/marescpa.com\/fr\/wp-json\/wp\/v2\/pages\/814"}],"collection":[{"href":"https:\/\/marescpa.com\/fr\/wp-json\/wp\/v2\/pages"}],"about":[{"href":"https:\/\/marescpa.com\/fr\/wp-json\/wp\/v2\/types\/page"}],"author":[{"embeddable":true,"href":"https:\/\/marescpa.com\/fr\/wp-json\/wp\/v2\/users\/1"}],"replies":[{"embeddable":true,"href":"https:\/\/marescpa.com\/fr\/wp-json\/wp\/v2\/comments?post=814"}],"version-history":[{"count":4,"href":"https:\/\/marescpa.com\/fr\/wp-json\/wp\/v2\/pages\/814\/revisions"}],"predecessor-version":[{"id":896,"href":"https:\/\/marescpa.com\/fr\/wp-json\/wp\/v2\/pages\/814\/revisions\/896"}],"wp:attachment":[{"href":"https:\/\/marescpa.com\/fr\/wp-json\/wp\/v2\/media?parent=814"}],"curies":[{"name":"wp","href":"https:\/\/api.w.org\/{rel}","templated":true}]}}