{"id":805,"date":"2022-04-11T12:23:11","date_gmt":"2022-04-11T12:23:11","guid":{"rendered":"https:\/\/marescpa.com\/informacion-pedidos\/"},"modified":"2022-09-01T12:06:02","modified_gmt":"2022-09-01T12:06:02","slug":"informacion-pedidos","status":"publish","type":"page","link":"https:\/\/marescpa.com\/fr\/informacion-pedidos\/","title":{"rendered":"Commandes"},"content":{"rendered":"<p><div class=\"fusion-fullwidth fullwidth-box fusion-builder-row-1 fusion-flex-container nonhundred-percent-fullwidth non-hundred-percent-height-scrolling\" style=\"background-color: rgba(255,255,255,0);background-position: center center;background-repeat: no-repeat;border-width: 0px 0px 0px 0px;border-color:var(--awb-color3);border-style:solid;\" ><div class=\"fusion-builder-row fusion-row fusion-flex-align-items-flex-start\" style=\"max-width:1248px;margin-left: calc(-4% \/ 2 );margin-right: calc(-4% \/ 2 );\"><div class=\"fusion-layout-column fusion_builder_column fusion-builder-column-0 fusion_builder_column_1_1 1_1 fusion-flex-column\"><div class=\"fusion-column-wrapper fusion-flex-justify-content-flex-start fusion-content-layout-column\" style=\"background-position:left top;background-repeat:no-repeat;-webkit-background-size:cover;-moz-background-size:cover;-o-background-size:cover;background-size:cover;padding: 0px 0px 0px 0px;\"><style type=\"text\/css\">.fusion-title.fusion-title-1 svg path{stroke-width:9!important}@media only screen and (max-width:1024px) {.fusion-title.fusion-title-1{margin-top:10px!important; margin-right:0px!important;margin-bottom:15px!important;margin-left:0px!important;}}@media only screen and (max-width:640px) {.fusion-title.fusion-title-1{margin-top:10px!important; margin-right:0px!important;margin-bottom:10px!important; margin-left:0px!important;}}<\/style><div class=\"fusion-title title fusion-title-1 fusion-sep-none fusion-title-highlight fusion-loop-on fusion-highlight-underline fusion-title-size-two\" style=\"margin-top:10px;margin-right:0px;margin-bottom:15px;margin-left:0px;\" data-highlight=\"underline\"><h2 class=\"title-heading-left\" style=\"margin:0;\"><span class=\"fusion-highlighted-text-prefix\"><\/span> <span class=\"fusion-highlighted-text-wrapper\"><span class=\"fusion-highlighted-text\">Commandes<\/span><\/span> <span class=\"fusion-highlighted-text-postfix\"><\/span><\/h2><\/div><div class=\"fusion-separator fusion-full-width-sep\" style=\"align-self: center;margin-left: auto;margin-right: auto;margin-top:10px;margin-bottom:10px;width:100%;\"><\/div><div class=\"fusion-text fusion-text-1\"><p>Pour passer votre commande :<\/p>\n<p><i class=\"fas fa-envelope\" style=\"color: #000;\"><\/i> Email: info@marescpa.com<br \/>\nLe formulaire<br \/>\nWhatsapp 620 900 930<\/p>\n<p><strong>\u00a01. Informez-nous des d\u00e9tails de votre commande:<\/strong><\/p>\n<p><strong>-Pour la botte de crins<\/strong><\/p>\n<p>Quantit\u00e9,poids,qualit\u00e9,longueur<\/p>\n<p>(par exemple: 2 bottes de 250g Mongolie 80cm)<\/p>\n<p><strong>-m\u00e8ches de crins:<\/strong><\/p>\n<p>Unit\u00e9s,qualit\u00e9,poids.<br \/>\n(par exemple:20 unit\u00e9s Mongolie 6g violon , 10 unit\u00e9s Mandchourie 10g. contrabasse).<br \/>\nRemises \u00e0 partir de 50 unit\u00e9s<\/p>\n<p><b>Les prix qui apparaissent sur le site internet sont en euros hors TVA<\/b><\/p>\n<p><strong>2.Num\u00e9ro d&rsquo; identification fiscale pour les clients espagnols et europ\u00e9ens<\/strong><\/p>\n<p>&#8211; client espagnol: ajoutez 21% de TVA au prix<\/p>\n<p>&#8211; client europ\u00e9en:<\/p>\n<p>a) Si vous indiquez votre num\u00e9ro intracommunautaire, vous ne payez pas la TVA espagnole (21%)<\/p>\n<p>b) Si vous n&rsquo; avez pas de num\u00e9ro intracommunautaire, vous devez ajouter 21% de TVA au montant total.<\/p>\n<p><strong>3. Le paiement peut \u00eatre effectu\u00e9 par carte de cr\u00e9dit et par virement bancaire.<\/strong><\/p>\n<p><strong>4. Nous vous contacterons pour confirmer votre commande,le montant,exp\u00e9dition,les donn\u00e9es n\u00e9cessaires \u00e0 la facture et nos cordonn\u00e9es bancaires si vos avez choisi cette option de paiement.<\/strong><\/p>\n<p><strong>5.Apr\u00e8s r\u00e9ception de la confirmation du transfert ou de l&rsquo; autorisation de la carte, votre commande sera transmise via l&rsquo; option choisie en indiquant le num\u00e9ro d&rsquo; exp\u00e9dition (UPS,GLS OU SERVICE POSTAL)<\/strong><\/p>\n<p>Si vous avez besoin de plus d&rsquo;informations, vous pouvez nous contacter<\/p>\n<\/div><\/div><style type=\"text\/css\">.fusion-body .fusion-builder-column-0{width:100% !important;margin-top : 0px;margin-bottom : 20px;}.fusion-builder-column-0 > .fusion-column-wrapper {padding-top : 0px !important;padding-right : 0px !important;margin-right : 1.92%;padding-bottom : 0px !important;padding-left : 0px !important;margin-left : 1.92%;}@media only screen and (max-width:1024px) {.fusion-body .fusion-builder-column-0{width:100% !important;order : 0;}.fusion-builder-column-0 > .fusion-column-wrapper {margin-right : 1.92%;margin-left : 1.92%;}}@media only screen and (max-width:640px) {.fusion-body .fusion-builder-column-0{width:100% !important;order : 0;}.fusion-builder-column-0 > .fusion-column-wrapper {margin-right : 1.92%;margin-left : 1.92%;}}<\/style><\/div><\/div><style type=\"text\/css\">.fusion-body .fusion-flex-container.fusion-builder-row-1{ padding-top : 0px;margin-top : 0px;padding-right : 0px;padding-bottom : 0px;margin-bottom : 0px;padding-left : 0px;}<\/style><\/div><div class=\"fusion-fullwidth fullwidth-box fusion-builder-row-2 fusion-flex-container nonhundred-percent-fullwidth non-hundred-percent-height-scrolling\" style=\"background-color: rgba(255,255,255,0);background-position: center center;background-repeat: no-repeat;border-width: 0px 0px 0px 0px;border-color:var(--awb-color3);border-style:solid;\" ><div class=\"fusion-builder-row fusion-row fusion-flex-align-items-flex-start\" style=\"max-width:1248px;margin-left: calc(-4% \/ 2 );margin-right: calc(-4% \/ 2 );\"><div class=\"fusion-layout-column fusion_builder_column fusion-builder-column-1 fusion_builder_column_1_1 1_1 fusion-flex-column\"><div class=\"fusion-column-wrapper fusion-flex-justify-content-flex-start fusion-content-layout-column\" style=\"background-position:left top;background-repeat:no-repeat;-webkit-background-size:cover;-moz-background-size:cover;-o-background-size:cover;background-size:cover;padding: 0px 0px 0px 0px;\"><style type=\"text\/css\">.fusion-title.fusion-title-2 svg path{stroke-width:9!important}@media only screen and (max-width:1024px) {.fusion-title.fusion-title-2{margin-top:10px!important; margin-right:0px!important;margin-bottom:15px!important;margin-left:0px!important;}}@media only screen and (max-width:640px) {.fusion-title.fusion-title-2{margin-top:10px!important; margin-right:0px!important;margin-bottom:10px!important; margin-left:0px!important;}}<\/style><div class=\"fusion-title title fusion-title-2 fusion-sep-none fusion-title-highlight fusion-loop-on fusion-highlight-underline fusion-title-size-two\" style=\"margin-top:10px;margin-right:0px;margin-bottom:15px;margin-left:0px;\" data-highlight=\"underline\"><h2 class=\"title-heading-left\" style=\"margin:0;\"><span class=\"fusion-highlighted-text-prefix\"><\/span> <span class=\"fusion-highlighted-text-wrapper\"><span class=\"fusion-highlighted-text\">Prix d'exp\u00e9dition<\/span><\/span> <span class=\"fusion-highlighted-text-postfix\"><\/span><\/h2><\/div><div class=\"fusion-separator fusion-full-width-sep\" style=\"align-self: center;margin-left: auto;margin-right: auto;margin-top:10px;margin-bottom:10px;width:100%;\"><\/div><div class=\"fusion-text fusion-text-2\"><table width=\"100%\" cellspacing=\"0\" cellpadding=\"0\">\n<tbody>\n<tr>\n<td colspan=\"3\" width=\"100%\"><b>Pour faire votre commande, nous vous fournissons un tarif approximatif des prix d&rsquo;exp\u00e9dition<\/b><\/p>\n<table width=\"100%\" cellspacing=\"2\" cellpadding=\"0\">\n<tbody>\n<tr>\n<td colspan=\"2\" bgcolor=\"CDCDCD\" width=\"250\"><center><b>UPS \/GLS SERVICE<\/b><\/center><\/td>\n<\/tr>\n<tr>\n<td><b>ESPA\u00d1A y PORTUGAL \/GLS<\/b><\/td>\n<td><center><b>8\/14 Euros*<\/b><\/center><\/td>\n<\/tr>\n<tr>\n<td><b>EUROPA\/UPS*<\/b><\/td>\n<td><center><b>12\/35 Euros*<\/b><\/center><\/td>\n<\/tr>\n<tr>\n<td><b>RESTO\/UPS*<\/b><\/td>\n<td><center><b>30\/45 Euros*<\/b><\/center><\/td>\n<\/tr>\n<\/tbody>\n<\/table>\n<p>* Prix bas\u00e9 sur le poids\/service ( express o standard )<\/p>\n<p>Express \u2013 1 o 2 d\u00edas<br \/>\nStandard: 3 a 5 d\u00edas<\/p>\n<p>Pour plus de 1 Kg,v\u00e9rifiez le prix.<\/p>\n<table width=\"100%\" cellspacing=\"2\" cellpadding=\"0\">\n<tbody>\n<tr>\n<td colspan=\"2\" bgcolor=\"CDCDCD\" width=\"100%\"><center><b>SERVICE POSTAL CERTIFI\u00c9<\/b><\/center><\/td>\n<\/tr>\n<tr>\n<td><b>ESPA\u00d1A<\/b><\/td>\n<td><center><b>5\/10 Euros*<\/b><\/center><\/td>\n<\/tr>\n<tr>\n<td><b>EUROPA<\/b><\/td>\n<td><center><b>10\/20 Euros*<\/b><\/center><\/td>\n<\/tr>\n<\/tbody>\n<\/table>\n<p>* Precio en funci\u00f3n del peso\/servicio<\/td>\n<\/tr>\n<\/tbody>\n<\/table>\n<\/div><\/div><style type=\"text\/css\">.fusion-body .fusion-builder-column-1{width:100% !important;margin-top : 0px;margin-bottom : 20px;}.fusion-builder-column-1 > .fusion-column-wrapper {padding-top : 0px !important;padding-right : 0px !important;margin-right : 1.92%;padding-bottom : 0px !important;padding-left : 0px !important;margin-left : 1.92%;}@media only screen and (max-width:1024px) {.fusion-body .fusion-builder-column-1{width:100% !important;order : 0;}.fusion-builder-column-1 > .fusion-column-wrapper {margin-right : 1.92%;margin-left : 1.92%;}}@media only screen and (max-width:640px) {.fusion-body .fusion-builder-column-1{width:100% !important;order : 0;}.fusion-builder-column-1 > .fusion-column-wrapper {margin-right : 1.92%;margin-left : 1.92%;}}<\/style><\/div><\/div><style type=\"text\/css\">.fusion-body .fusion-flex-container.fusion-builder-row-2{ padding-top : 0px;margin-top : 0px;padding-right : 0px;padding-bottom : 0px;margin-bottom : 0px;padding-left : 0px;}<\/style><\/div><\/p>\n","protected":false},"excerpt":{"rendered":"","protected":false},"author":1,"featured_media":0,"parent":0,"menu_order":0,"comment_status":"closed","ping_status":"closed","template":"","meta":{"footnotes":""},"yoast_head":"<!-- This site is optimized with the Yoast SEO plugin v23.5 - https:\/\/yoast.com\/wordpress\/plugins\/seo\/ -->\n<title>Commandes - Marescpa<\/title>\n<meta name=\"robots\" content=\"index, follow, max-snippet:-1, max-image-preview:large, max-video-preview:-1\" \/>\n<link rel=\"canonical\" href=\"https:\/\/marescpa.com\/fr\/informacion-pedidos\/\" \/>\n<meta property=\"og:locale\" content=\"fr_FR\" \/>\n<meta property=\"og:type\" content=\"article\" \/>\n<meta property=\"og:title\" content=\"Commandes - Marescpa\" \/>\n<meta property=\"og:url\" content=\"https:\/\/marescpa.com\/fr\/informacion-pedidos\/\" \/>\n<meta property=\"og:site_name\" content=\"Marescpa\" \/>\n<meta property=\"article:modified_time\" content=\"2022-09-01T12:06:02+00:00\" \/>\n<meta name=\"twitter:card\" content=\"summary_large_image\" \/>\n<meta name=\"twitter:label1\" content=\"Dur\u00e9e de lecture estim\u00e9e\" \/>\n\t<meta name=\"twitter:data1\" content=\"10 minutes\" \/>\n<script type=\"application\/ld+json\" class=\"yoast-schema-graph\">{\"@context\":\"https:\/\/schema.org\",\"@graph\":[{\"@type\":\"WebPage\",\"@id\":\"https:\/\/marescpa.com\/fr\/informacion-pedidos\/\",\"url\":\"https:\/\/marescpa.com\/fr\/informacion-pedidos\/\",\"name\":\"Commandes - Marescpa\",\"isPartOf\":{\"@id\":\"https:\/\/marescpa.com\/fr\/#website\"},\"datePublished\":\"2022-04-11T12:23:11+00:00\",\"dateModified\":\"2022-09-01T12:06:02+00:00\",\"breadcrumb\":{\"@id\":\"https:\/\/marescpa.com\/fr\/informacion-pedidos\/#breadcrumb\"},\"inLanguage\":\"fr-FR\",\"potentialAction\":[{\"@type\":\"ReadAction\",\"target\":[\"https:\/\/marescpa.com\/fr\/informacion-pedidos\/\"]}]},{\"@type\":\"BreadcrumbList\",\"@id\":\"https:\/\/marescpa.com\/fr\/informacion-pedidos\/#breadcrumb\",\"itemListElement\":[{\"@type\":\"ListItem\",\"position\":1,\"name\":\"Portada\",\"item\":\"https:\/\/marescpa.com\/fr\/\"},{\"@type\":\"ListItem\",\"position\":2,\"name\":\"Commandes\"}]},{\"@type\":\"WebSite\",\"@id\":\"https:\/\/marescpa.com\/fr\/#website\",\"url\":\"https:\/\/marescpa.com\/fr\/\",\"name\":\"Marescpa\",\"description\":\"Just another WordPress site\",\"potentialAction\":[{\"@type\":\"SearchAction\",\"target\":{\"@type\":\"EntryPoint\",\"urlTemplate\":\"https:\/\/marescpa.com\/fr\/?s={search_term_string}\"},\"query-input\":{\"@type\":\"PropertyValueSpecification\",\"valueRequired\":true,\"valueName\":\"search_term_string\"}}],\"inLanguage\":\"fr-FR\"}]}<\/script>\n<!-- \/ Yoast SEO plugin. -->","yoast_head_json":{"title":"Commandes - Marescpa","robots":{"index":"index","follow":"follow","max-snippet":"max-snippet:-1","max-image-preview":"max-image-preview:large","max-video-preview":"max-video-preview:-1"},"canonical":"https:\/\/marescpa.com\/fr\/informacion-pedidos\/","og_locale":"fr_FR","og_type":"article","og_title":"Commandes - Marescpa","og_url":"https:\/\/marescpa.com\/fr\/informacion-pedidos\/","og_site_name":"Marescpa","article_modified_time":"2022-09-01T12:06:02+00:00","twitter_card":"summary_large_image","twitter_misc":{"Dur\u00e9e de lecture estim\u00e9e":"10 minutes"},"schema":{"@context":"https:\/\/schema.org","@graph":[{"@type":"WebPage","@id":"https:\/\/marescpa.com\/fr\/informacion-pedidos\/","url":"https:\/\/marescpa.com\/fr\/informacion-pedidos\/","name":"Commandes - Marescpa","isPartOf":{"@id":"https:\/\/marescpa.com\/fr\/#website"},"datePublished":"2022-04-11T12:23:11+00:00","dateModified":"2022-09-01T12:06:02+00:00","breadcrumb":{"@id":"https:\/\/marescpa.com\/fr\/informacion-pedidos\/#breadcrumb"},"inLanguage":"fr-FR","potentialAction":[{"@type":"ReadAction","target":["https:\/\/marescpa.com\/fr\/informacion-pedidos\/"]}]},{"@type":"BreadcrumbList","@id":"https:\/\/marescpa.com\/fr\/informacion-pedidos\/#breadcrumb","itemListElement":[{"@type":"ListItem","position":1,"name":"Portada","item":"https:\/\/marescpa.com\/fr\/"},{"@type":"ListItem","position":2,"name":"Commandes"}]},{"@type":"WebSite","@id":"https:\/\/marescpa.com\/fr\/#website","url":"https:\/\/marescpa.com\/fr\/","name":"Marescpa","description":"Just another WordPress site","potentialAction":[{"@type":"SearchAction","target":{"@type":"EntryPoint","urlTemplate":"https:\/\/marescpa.com\/fr\/?s={search_term_string}"},"query-input":{"@type":"PropertyValueSpecification","valueRequired":true,"valueName":"search_term_string"}}],"inLanguage":"fr-FR"}]}},"_links":{"self":[{"href":"https:\/\/marescpa.com\/fr\/wp-json\/wp\/v2\/pages\/805"}],"collection":[{"href":"https:\/\/marescpa.com\/fr\/wp-json\/wp\/v2\/pages"}],"about":[{"href":"https:\/\/marescpa.com\/fr\/wp-json\/wp\/v2\/types\/page"}],"author":[{"embeddable":true,"href":"https:\/\/marescpa.com\/fr\/wp-json\/wp\/v2\/users\/1"}],"replies":[{"embeddable":true,"href":"https:\/\/marescpa.com\/fr\/wp-json\/wp\/v2\/comments?post=805"}],"version-history":[{"count":4,"href":"https:\/\/marescpa.com\/fr\/wp-json\/wp\/v2\/pages\/805\/revisions"}],"predecessor-version":[{"id":902,"href":"https:\/\/marescpa.com\/fr\/wp-json\/wp\/v2\/pages\/805\/revisions\/902"}],"wp:attachment":[{"href":"https:\/\/marescpa.com\/fr\/wp-json\/wp\/v2\/media?parent=805"}],"curies":[{"name":"wp","href":"https:\/\/api.w.org\/{rel}","templated":true}]}}