{"id":820,"date":"2022-04-11T12:20:05","date_gmt":"2022-04-11T12:20:05","guid":{"rendered":"https:\/\/marescpa.com\/condiciones-de-uso\/"},"modified":"2022-04-11T12:20:05","modified_gmt":"2022-04-11T12:20:05","slug":"condiciones-de-uso","status":"publish","type":"page","link":"https:\/\/marescpa.com\/en\/condiciones-de-uso\/","title":{"rendered":"Condiciones de uso"},"content":{"rendered":"<table width=\"98%\">\n<tbody>\n<tr>\n<td width=\"98%\">\n<div align=\"justify\"><center><b><br \/>\nMares CPA S.L.<\/b><\/center><br \/>\n<a name=\"1\"><\/a><br \/>\n<b>1.-OBJETO<\/b><br \/>\nLas presentes Condiciones Generales de Acceso y Uso (en adelante las \u00b7 Condiciones de Uso\u00b7) tienen por objeto regular las condiciones de uso y utilizaci\u00f3n del website o web sites de Internet emplazado\/s en la direcci\u00f3n : www.marescpa.com y de la que es titular MARES CPA, S.L.., con CIF B96706015, domicilio social en Cipreses, 6 \u2013 Urb.Cumbres de San Antonio \u2013 46184 Valencia \u2013 Espa\u00f1a, y cuyo objeto social es : Mares crin para arcos , es una empresa familiar comprometida en ofrecerle las mejores crines para arcos (originarias de las regiones m\u00e1s frias de Mongolia y China), somos la tercera generaci\u00f3n dedicada a la preparaci\u00f3n de crines y desde hace diez a\u00f1os exclusivamente dedicados a las crines para instrumentos de cuerda lo que nos garantiza por tradici\u00f3n y experiencia la calidad y variedad del producto que les ofrecemos. Nos avala la fidelidad de nuestros clientes repartidos por Europa , Asia y Am\u00e9rica asi como nuestra presencia anual en las principales ferias de Europa dedicadas a los instrumentos de cuerda y sus accesorios como son Musicora (Paris) y Cremona Mondomusica (Italia)., (en adelante MARESCPA)La mencionada pagina web es propiedad de MARESCPA,y ha sido elaborada para dar a conocer y permitir el acceso a la informaci\u00f3n en ella contenida, con las restricciones y limitaciones que imponen las presentes Condiciones Generales as\u00ed como permitir y posibilitar el acceso a otras p\u00e1ginas con las que la web de MARESCPA tenga relaciones comerciales, profesionales o de cualquier otra \u00edndole.La mera utilizaci\u00f3n del web, atribuye a qui\u00e9n haga uso de ella, la condici\u00f3n de Usuario(en adelante \u00b7Usuario\u00b7). Si est\u00e1 disponible la opci\u00f3n de registrarse (formulario de datos personales y claves de acceso) se le atribuir\u00e1 la condici\u00f3n de Usuario registrado y si est\u00e1 disponible la opci\u00f3n de suscribirse (suscripci\u00f3n de e-mail) se le atribuir\u00e1 la condici\u00f3n de Usuario suscrito, qui\u00e9n en todos los casos declara conocer y aceptar sin reserva ni excepci\u00f3n alguna, todas y cada una de las Condiciones Generales que en este documento se exponen.A trav\u00e9s del web de MARESCPA se facilitar\u00e1 a todos los Usuarios, Usuarios Registrados y Usuarios suscritos la posibilidad de acceder a los contenidos, servicios y dem\u00e1s informaci\u00f3n concerniente al objeto social de la presente entidad, haciendo constar la posible existencia de determinados servicios y \u00e1reas solo disponibles para Usuarios Registrados y\/o para usuarios suscritos, en cuyo caso se advertir\u00e1 de ello al Usuario. Las presentes condiciones de uso constituyen \u00edntegramente lo convenido entre las partes tanto en el acceso y uso como en lo referente a posibles transacciones on line entre MARESCPA y sus clientes.MARESCPA est\u00e1 facultada para modificar unilateralmente todas y cada una de las obligaciones dispuestas en las presentes Condiciones Generales de Uso, sin necesidad de previo aviso. Igualmente est\u00e1 capacitada para reestructurar, modificar o eliminar cualquier informaci\u00f3n, servicio o contenido incluido en el website, sin necesidad de previo aviso. La modificaci\u00f3n de cualquiera de las presentes condiciones generales para un caso particular s\u00f3lo tendr\u00e1 validez cuando haya sido recogida por escrito y firmada por los representantes legales de cada parte.<a name=\"2\"><\/a><br \/>\n<b>2.-DERECHOS Y OBLIGACIONES DEL USUARIO<\/b><br \/>\n<b>2.1.-CONDICIONES DE ACCESO Y USO<\/b><br \/>\nA trav\u00e9s de la direcci\u00f3n emplazada en www.marescpa.com, cualquier usuario podr\u00e1 acceder gratuitamente a la informaci\u00f3n contenida en el citado WEBSITE.Las condiciones de acceso al web est\u00e1n supeditadas a las disposiciones legales vigentes en cada momento as\u00ed como a los principios de buena fe y uso licito por parte del Usuario, prohibi\u00e9ndose expresa y taxativamente cualquier tipo de actuaci\u00f3n que pudiera ir en detrimento o perjuicio del Portal o de terceros.&nbsp;<\/p>\n<p>El web no exige la previa suscripci\u00f3n ni el registro para la simple navegaci\u00f3n, o para el acceso o utilizaci\u00f3n de algunos servicios del web. Por el contrario, es posible que para el acceso y uso de determinados contenidos y servicios del web, se exija la previa suscripci\u00f3n o el correspondiente registro. Estos servicios o contenidos que exijan registro o suscripci\u00f3n para su acceso o uso se acompa\u00f1ar\u00e1n del aviso correspondiente de necesidad de registro o suscripci\u00f3n. En lo que al tratamiento de datos personales se refiera, v\u00e9ase la\u00a0<i>Pol\u00edtica de Privacidad<\/i>\u00a0de MARESCPA.<\/p>\n<p><a name=\"211\"><\/a><br \/>\n<b>2.1.1.-REGISTRO\/SUSCRIPCI\u00d3N DE USUARIO<\/b><br \/>\nDe conformidad con lo dispuesto anteriormente, MARESCPA se reserva el permiso de acceso a algunos de los Servicios o secciones ofrecidos a trav\u00e9s del web, ahora o en un futuro, pudiendo exigir para su acceso la condici\u00f3n de Usuario registrado, condici\u00f3n que en dicho caso se podr\u00e1 obtener mediante la cumplimentaci\u00f3n del correspondiente formulario de registro de Usuarios que MARESCPA pondr\u00e1 a disposici\u00f3n de los Usuarios que as\u00ed lo deseen.<\/p>\n<p>En caso de existir un Registro de Usuarios en la web, el Usuario se compromete a seleccionar, usar y conservar su nombre de usuario o \u00b7login\u00b7 y su contrase\u00f1a o \u00b7password\u00b7 (en adelante y de modo conjunto las \u00b7Claves de Acceso\u00b7) de conformidad con lo establecido en las cl\u00e1usulas siguientes.<\/p>\n<p>Igualmente, MARESCPA se reserva el permiso de acceso o uso de algunos de los Servicios del web, ahora o en un futuro, pudiendo exigir para su acceso la condici\u00f3n de Usuario Suscrito, condici\u00f3n que en dicho caso se podr\u00e1 obtener mediante la inserci\u00f3n del e-mail del usuario en la correspondiente casilla de suscripci\u00f3n de Usuarios que MARESCPA pondr\u00e1 a disposici\u00f3n de los Usuarios que as\u00ed lo deseen.<\/p>\n<p><b><i>Veracidad de los datos<\/i><\/b><br \/>\nPor la cumplimentaci\u00f3n de estos formularios, casillas de suscripci\u00f3n o herramientas similares, el USUARIO reconoce que los datos suministrados son obtenidos directamente del usuario, veraces y ciertos, comprometi\u00e9ndose a notificar a MARESCPA, cualquier cambio o modificaci\u00f3n que se produzca en los mismos.<\/p>\n<p><a name=\"212\"><\/a><br \/>\n<b>2.1.2.-ASIGNACI\u00d3N DE LAS CLAVES DE ACCESO<\/b><br \/>\nLa asignaci\u00f3n de las Claves de Acceso se produce por elecci\u00f3n del propio Usuario ,siendo el \u00fanico criterio empleado al efecto, la inexistencia de unas Claves de Acceso previas que fueren id\u00e9nticas a las de otro Usuario.<\/p>\n<p>La activaci\u00f3n de las claves de acceso ser\u00e1 autom\u00e1tica o necesitar\u00e1 ser validada por MARESCPA, dependiendo de las \u00e1reas de acceso o servicios a utilizar, en todo caso esto lo determinar\u00e1 MARESCPA y de todo ello se le informar\u00e1 al usuario.<\/p>\n<p><a name=\"213\"><\/a><br \/>\n<b>2.1.3.-USO Y CUSTODIA<\/b><br \/>\nEl Usuario se compromete a hacer un uso licito y diligente de las Claves de Acceso, as\u00ed como a no poner a disposici\u00f3n de terceros sus Claves de Acceso.<\/p>\n<p>El Usuario se compromete a comunicar fehacientemente al Webmaster de MARESCPA a la mayor brevedad, la p\u00e9rdida o robo de las Claves de Acceso as\u00ed como cualquier riesgo de acceso a las mismas por un tercero.<\/p>\n<p>Las Claves de Acceso solamente podr\u00e1n ser utilizadas por los Usuarios a las que se les haya asignado. MARESCPA queda exonerada de cualquier tipo de responsabilidad que se pueda devengar por los da\u00f1os y perjuicios causados o sufridos por el uso fraudulento o falta de diligencia en la guarda y custodia de las Claves de Acceso, perdida o uso contraviniendo lo dispuesto en estas Condiciones Generales.<\/p>\n<p><a name=\"22\"><\/a><br \/>\n<b>2.2.-CONTENIDO Y ACTUACIONES DEL USUARIO<\/b><br \/>\nEl Usuario se compromete a hacer un uso licito, diligente, honrado y correcto de cuanta informaci\u00f3n o contenido tenga acceso bien a trav\u00e9s de la pagina web de MARESCPA o de terceros previamente proporcionada por MARESCPA y todo ello bajo los principios de la buena fe y con respeto en todo momento a la legalidad vigente.<\/p>\n<p>El Usuario deber\u00e1 abstenerse de obtener, salvo para uso personal, cuanta informaci\u00f3n (enti\u00e9ndase por informaci\u00f3n como cualquier mensaje, archivos de sonido, fotograf\u00edas, dibujos, software y en general cualquier clase o tipo de archivo inform\u00e1tico, gr\u00e1fico etc..) que sea propiedad del web.<\/p>\n<p>Igualmente el Usuario adquiere el compromiso de no provocar ni maliciosa ni intencionadamente da\u00f1os o perjuicios que puedan menoscabar, alterar el propio web as\u00ed como no introducir, ni difundir los denominados \u00b7virus inform\u00e1ticos\u00b7 que puedan producir alteraciones no autorizadas de los contenidos o sistemas integrantes del web. El compromiso adquirido se ha de regir sobre la utilizaci\u00f3n contenidos de conformidad con lo dispuesto en la ley, moral y orden publico; no copiar, reproducir, distribuir, ceder, transformar o modificar los contenidos sin previo consentimiento y por escrito de MARESCPA o persona por este delegada.<\/p>\n<p>A este respecto, MARESCPA se exonera de cualquier tipo de fallo o virus inform\u00e1tico introducido por terceros.<\/p>\n<p>A cumplir todos los requisitos dispuestos en relaci\u00f3n a los derechos de propiedad intelectual, industrial y dem\u00e1s an\u00e1logos.<\/p>\n<p><b>CONTENIDO DEL WEB<\/b><br \/>\nEl web tiene como objetivo prioritario proporcionar un servicio de informaci\u00f3n y distribuci\u00f3n de Mares crin para arcos , es una empresa familiar comprometida en ofrecerle las mejores crines para arcos (originarias de las regiones m\u00e1s frias de Mongolia y China), somos la tercera generaci\u00f3n dedicada a la preparaci\u00f3n de crines y desde hace diez a\u00f1os exclusivamente dedicados a las crines para instrumentos de cuerda lo que nos garantiza por tradici\u00f3n y experiencia la calidad y variedad del producto que les ofrecemos. Nos avala la fidelidad de nuestros clientes repartidos por Europa , Asia y Am\u00e9rica asi como nuestra presencia anual en las principales ferias de Europa dedicadas a los instrumentos de cuerda y sus accesorios como son Musicora (Paris) y Cremona Mondomusica (Italia)..<\/p>\n<p>La informaci\u00f3n proporcionada EN LA WEB no deber\u00e1 ser considerada en ning\u00fan momento ni completa ni exhaustiva . MARESCPA por su parte tratar\u00e1 en la medida de sus posibilidades de actualizar constantemente esta informaci\u00f3n.<\/p>\n<p>MARESCPA manifiesta que el servicio\/producto ofrecido en la web se corresponde con la descripci\u00f3n del mismo. No obstante queda exonerada de responsabilidad para aquellos supuestos en los que por errores t\u00e9cnicos o humanos hubiese equivocaciones o variaciones entre las im\u00e1genes, la descripci\u00f3n y el precio. Igualmente se pone de manifiesto que las fotograf\u00edas tienen un mero car\u00e1cter orientativo pudiendo existir variaciones en lo que a su aspecto f\u00edsico respecta pero sin menoscabar la integridad y prestaciones del servicio\/producto ofrecido y\/o solicitado.<\/p>\n<p>MARESCPA se exonera de los contenidos, informaci\u00f3n, opiniones o comentarios difundidos a trav\u00e9s de su web ni responder\u00e1 del uso que el Usuario haga de esa informaci\u00f3n.<\/p>\n<p><a name=\"3\"><\/a><br \/>\n<b>3.- DERECHO Y OBLIGACIONES DE MARESCPA<\/b><br \/>\nMARESCPA responder\u00e1 \u00fanica y exclusivamente de los servicios que preste por ella misma y de los contenidos directamente originados por el propio web e identificado con su correspondiente copyright.<\/p>\n<p>MARESCPA se compromete a la adopci\u00f3n de los medios y medidas necesarias que permitan garantizar la seguridad y privacidad en la comunicaciones. No responder\u00e1 cuando adoptadas las pertinentes medidas de seguridad, estas fueren vulneradas por agentes externos.<\/p>\n<p>MARESCPA no ser\u00e1 responsable ni siquiera de forma indirecta o subsidiaria, por ning\u00fan contenido, informaci\u00f3n, opini\u00f3n o manifestaci\u00f3n de cualquier tipo, que tenga su origen en el Usuario o terceras personas o entidades y que tengan acceso, transmitan, comuniquen, traten, exhiban o vendan dicha informaci\u00f3n al web titularidad de MARESCPA.<\/p>\n<p>MARESCPA se reserva el derecho a suspender temporalmente la prestaci\u00f3n del servicio sin previo aviso al Usuario, siempre y cuando sea necesario para efectuar operaciones de mantenimiento, actualizaci\u00f3n o mejora del servicio. Igualmente podr\u00e1 modificar las condiciones de acceso y o concreta ubicaci\u00f3n del contenido integrante del web, as\u00ed como impedir, restringir, bloquear, suprimir o retirar el acceso a los servicios a los Usuarios cuando estos no hicieren un uso licito, honrado y diligente de los servicios prestados en el website. En la misma l\u00ednea podr\u00e1 retirar, bloquear o restringir el uso de los contenidos introducidos por terceras personas que fueren il\u00edcitos, racistas delictivos, de apolog\u00eda de terrorismo, violaci\u00f3n de derechos humanos, difamatorios, pornogr\u00e1ficos, constitutivos de estafa o de cualquier otro modo que infrinjan las leyes o normativas aplicables bien sean nacionales como internacionales.<\/p>\n<p>MARESCPA no asegura la disponibilidad y continuidad permanente del web debido a interrupciones, fallos etc.. as\u00ed como tampoco responder\u00e1 de los da\u00f1os y perjuicios que pueda causar a los Usuarios por los virus inform\u00e1ticos o agentes externos que terceras personas puedan depositar en el website o en los documentos electr\u00f3nicos y ficheros almacenados en el sistema inform\u00e1tico.<\/p>\n<p>El Website pone a disposici\u00f3n de los Usuarios ciertas herramientas tales como fichas, botones, banners, links o enlaces que permitan al Usuario acceder a contenidos u otros sites relacionados con la actividad del web u otros diferentes. La instalaci\u00f3n de estas herramientas tienen como fin \u00faltimo proporcionar y facilitar la navegaci\u00f3n al Usuario, no siendo responsable parte MARESCPA de los websites a los que acceda el Usuario a trav\u00e9s de su pagina, en lo que al Derecho al Honor pueda afectar y la informaci\u00f3n proporcionada. Por su parte MARESCPA tratar\u00e1 en la medida de sus posibilidades de comprobar dichos hiperv\u00ednculos, restringiendo, bloqueando o suspendiendo dichos botones cuando atentaren contra el principio descrito en las presentes Condiciones Generales.<\/p>\n<p><a name=\"4\"><\/a><br \/>\n<b>4.-PROPIEDAD INTELECTUAL<\/b><br \/>\nLa totalidad de los contenidos a los que se acceda a trav\u00e9s del servicio prestado por MARESCPA est\u00e1n sujetos a los Derechos de Propiedad Intelectual e Industrial de MARESCPA o de terceros. Dicho contenido no podr\u00e1 ser usado, duplicado, distribuido, vendido, explotado o cualquier otra forma con prop\u00f3sito comercial o no, sin el previo y preceptivo consentimiento y por escrito su titular (MARESCPA).<\/p>\n<p>Igualmente MARESCPA ser\u00e1 responsable respecto de las marcas, logos y dem\u00e1s signos distintivos que se incorporen en cualquier parte del website y que sean propiedad de MARESCPA, as\u00ed como titular de todos los derechos de Propiedad Intelectual o Industrial o como licenciatario de los mismos.<\/p>\n<p>Todos los contenidos y partes integrantes del website de MARESCPA han sido incluidos conforme a los principios de la buena fe, indicando que la informaci\u00f3n puede proceder total o parcialmente de fuentes externas a la propia entidad raz\u00f3n por la cual MARESCPA no se responsabiliza en manera alguna de la inexactitud o no actualizaci\u00f3n de los contenidos mostrados.<\/p>\n<p>Por el contrario todos aquellos contenidos procedentes de fuentes internas estar\u00e1n debidamente identificados con su copyright. La entidad se reserva el derecho o facultad de efectuar cualquier cambio en cualquier momento sin necesidad de previo aviso. Todos los contenidos incluidos en la pagina procedentes de fuentes internas que lleven su signo identificativo de copyright, son responsabilidad \u00fanica y exclusivamente de MARESCPA.<\/p>\n<p><a name=\"5\"><\/a><br \/>\n<b>5.- PROTECCI\u00d3N DE DATOS<\/b><br \/>\nMARESCPA plenamente concienciada del uso y tratamiento que se le deben dar a los datos de car\u00e1cter personal y en virtud de la normativa legal existente al respecto (LOPD y LSSICE), tiene implantado en el seno de su organizaci\u00f3n un sistema para preservar la seguridad, integridad y confidencialidad de los datos considerados como personales.<\/p>\n<p>Para ello adem\u00e1s de cumplir integramente todos y cada uno de los requisitos dispuestos en la Ley Org\u00e1nica 15\/1999, de 13 de Diciembre, de Protecci\u00f3n de Datos de Car\u00e1cter Personal, y los dispuestos en la Ley 34\/2002 LSSICE, garantiza un uso no solo legal sino leal de los datos personales as\u00ed como un sistema adecuado para ejercitar los derechos de acceso rectificaci\u00f3n, cancelaci\u00f3n y oposici\u00f3n dispuestos en la ya mencionada Ley Org\u00e1nica.<\/p>\n<p>De conformidad con lo dispuesto en la pol\u00edtica de privacidad de MARESCPA, se hace constar que cualquier persona podr\u00e1 ejercitar sus derechos de acceso, rectificaci\u00f3n, cancelaci\u00f3n y en su caso, oposici\u00f3n mediante el env\u00edo de un e-mail a la direcci\u00f3n fichero@marescpa.com.<\/p>\n<p><i>A este respecto v\u00e9ase Pol\u00edtica de Privacidad del Portal MARESCPA<\/i>.<\/p>\n<p><a name=\"6\"><\/a><br \/>\n<b>6.-FUERO Y LEGISLACI\u00d3N<\/b><br \/>\nLas presentes Condiciones Generales se someten a la legislaci\u00f3n espa\u00f1ola, que ser\u00e1 aplicable en relaci\u00f3n a su validez, interpretaci\u00f3n, ejecuci\u00f3n y cumplimiento. Todas las discrepancias, reclamaciones y controversias respecto a lo dispuesto anteriormente se resolver\u00e1n mediante un arbitraje de Derecho de acuerdo con las normas de la Corte Civil y Mercantil de arbitraje de Valencia a cuya normativa se someter\u00e1n. Dicho Laudo estar\u00e1 compuesto por tres \u00e1rbitros nombrados conforme a dicha normativa. . Si el arbitraje no llegara a realizarse por mutuo acuerdo o fuese declarado nulo, ambas partes se someten a los Juzgados y Tribunales de la ciudad de VALENCIA, con renuncia expresa a su propio fuero si \u00e9ste fuese otro.<\/p>\n<p>El Usuario, declara haber le\u00eddo, conocer y aceptar las presentes Condiciones Generales de Uso-Acceso en toda su extensi\u00f3n.<\/p>\n<\/div>\n<\/td>\n<\/tr>\n<\/tbody>\n<\/table>\n","protected":false},"excerpt":{"rendered":"<p>Mares CPA S.L. 1.-OBJETO Las presentes Condiciones Generales de Acceso [&hellip;]<\/p>\n","protected":false},"author":1,"featured_media":0,"parent":0,"menu_order":0,"comment_status":"closed","ping_status":"closed","template":"","meta":{"footnotes":""},"yoast_head":"<!-- This site is optimized with the Yoast SEO plugin v23.5 - https:\/\/yoast.com\/wordpress\/plugins\/seo\/ -->\n<title>Condiciones de uso - Marescpa<\/title>\n<meta name=\"robots\" content=\"index, follow, max-snippet:-1, max-image-preview:large, max-video-preview:-1\" \/>\n<link rel=\"canonical\" href=\"https:\/\/marescpa.com\/en\/condiciones-de-uso\/\" \/>\n<meta property=\"og:locale\" content=\"en_US\" \/>\n<meta property=\"og:type\" content=\"article\" \/>\n<meta property=\"og:title\" content=\"Condiciones de uso - Marescpa\" \/>\n<meta property=\"og:description\" content=\"Mares CPA S.L. 1.-OBJETO Las presentes Condiciones Generales de Acceso [&hellip;]\" \/>\n<meta property=\"og:url\" content=\"https:\/\/marescpa.com\/en\/condiciones-de-uso\/\" \/>\n<meta property=\"og:site_name\" content=\"Marescpa\" \/>\n<meta name=\"twitter:card\" content=\"summary_large_image\" \/>\n<meta name=\"twitter:label1\" content=\"Est. reading time\" \/>\n\t<meta name=\"twitter:data1\" content=\"12 minutes\" \/>\n<script type=\"application\/ld+json\" class=\"yoast-schema-graph\">{\"@context\":\"https:\/\/schema.org\",\"@graph\":[{\"@type\":\"WebPage\",\"@id\":\"https:\/\/marescpa.com\/en\/condiciones-de-uso\/\",\"url\":\"https:\/\/marescpa.com\/en\/condiciones-de-uso\/\",\"name\":\"Condiciones de uso - Marescpa\",\"isPartOf\":{\"@id\":\"https:\/\/marescpa.com\/en\/#website\"},\"datePublished\":\"2022-04-11T12:20:05+00:00\",\"dateModified\":\"2022-04-11T12:20:05+00:00\",\"breadcrumb\":{\"@id\":\"https:\/\/marescpa.com\/en\/condiciones-de-uso\/#breadcrumb\"},\"inLanguage\":\"en-US\",\"potentialAction\":[{\"@type\":\"ReadAction\",\"target\":[\"https:\/\/marescpa.com\/en\/condiciones-de-uso\/\"]}]},{\"@type\":\"BreadcrumbList\",\"@id\":\"https:\/\/marescpa.com\/en\/condiciones-de-uso\/#breadcrumb\",\"itemListElement\":[{\"@type\":\"ListItem\",\"position\":1,\"name\":\"Portada\",\"item\":\"https:\/\/marescpa.com\/en\/\"},{\"@type\":\"ListItem\",\"position\":2,\"name\":\"Condiciones de uso\"}]},{\"@type\":\"WebSite\",\"@id\":\"https:\/\/marescpa.com\/en\/#website\",\"url\":\"https:\/\/marescpa.com\/en\/\",\"name\":\"Marescpa\",\"description\":\"Just another WordPress site\",\"potentialAction\":[{\"@type\":\"SearchAction\",\"target\":{\"@type\":\"EntryPoint\",\"urlTemplate\":\"https:\/\/marescpa.com\/en\/?s={search_term_string}\"},\"query-input\":{\"@type\":\"PropertyValueSpecification\",\"valueRequired\":true,\"valueName\":\"search_term_string\"}}],\"inLanguage\":\"en-US\"}]}<\/script>\n<!-- \/ Yoast SEO plugin. -->","yoast_head_json":{"title":"Condiciones de uso - Marescpa","robots":{"index":"index","follow":"follow","max-snippet":"max-snippet:-1","max-image-preview":"max-image-preview:large","max-video-preview":"max-video-preview:-1"},"canonical":"https:\/\/marescpa.com\/en\/condiciones-de-uso\/","og_locale":"en_US","og_type":"article","og_title":"Condiciones de uso - Marescpa","og_description":"Mares CPA S.L. 1.-OBJETO Las presentes Condiciones Generales de Acceso [&hellip;]","og_url":"https:\/\/marescpa.com\/en\/condiciones-de-uso\/","og_site_name":"Marescpa","twitter_card":"summary_large_image","twitter_misc":{"Est. reading time":"12 minutes"},"schema":{"@context":"https:\/\/schema.org","@graph":[{"@type":"WebPage","@id":"https:\/\/marescpa.com\/en\/condiciones-de-uso\/","url":"https:\/\/marescpa.com\/en\/condiciones-de-uso\/","name":"Condiciones de uso - Marescpa","isPartOf":{"@id":"https:\/\/marescpa.com\/en\/#website"},"datePublished":"2022-04-11T12:20:05+00:00","dateModified":"2022-04-11T12:20:05+00:00","breadcrumb":{"@id":"https:\/\/marescpa.com\/en\/condiciones-de-uso\/#breadcrumb"},"inLanguage":"en-US","potentialAction":[{"@type":"ReadAction","target":["https:\/\/marescpa.com\/en\/condiciones-de-uso\/"]}]},{"@type":"BreadcrumbList","@id":"https:\/\/marescpa.com\/en\/condiciones-de-uso\/#breadcrumb","itemListElement":[{"@type":"ListItem","position":1,"name":"Portada","item":"https:\/\/marescpa.com\/en\/"},{"@type":"ListItem","position":2,"name":"Condiciones de uso"}]},{"@type":"WebSite","@id":"https:\/\/marescpa.com\/en\/#website","url":"https:\/\/marescpa.com\/en\/","name":"Marescpa","description":"Just another WordPress site","potentialAction":[{"@type":"SearchAction","target":{"@type":"EntryPoint","urlTemplate":"https:\/\/marescpa.com\/en\/?s={search_term_string}"},"query-input":{"@type":"PropertyValueSpecification","valueRequired":true,"valueName":"search_term_string"}}],"inLanguage":"en-US"}]}},"_links":{"self":[{"href":"https:\/\/marescpa.com\/en\/wp-json\/wp\/v2\/pages\/820"}],"collection":[{"href":"https:\/\/marescpa.com\/en\/wp-json\/wp\/v2\/pages"}],"about":[{"href":"https:\/\/marescpa.com\/en\/wp-json\/wp\/v2\/types\/page"}],"author":[{"embeddable":true,"href":"https:\/\/marescpa.com\/en\/wp-json\/wp\/v2\/users\/1"}],"replies":[{"embeddable":true,"href":"https:\/\/marescpa.com\/en\/wp-json\/wp\/v2\/comments?post=820"}],"version-history":[{"count":0,"href":"https:\/\/marescpa.com\/en\/wp-json\/wp\/v2\/pages\/820\/revisions"}],"wp:attachment":[{"href":"https:\/\/marescpa.com\/en\/wp-json\/wp\/v2\/media?parent=820"}],"curies":[{"name":"wp","href":"https:\/\/api.w.org\/{rel}","templated":true}]}}