{"id":813,"date":"2022-04-11T12:21:35","date_gmt":"2022-04-11T12:21:35","guid":{"rendered":"https:\/\/marescpa.com\/nosotros\/"},"modified":"2025-09-18T15:40:09","modified_gmt":"2025-09-18T15:40:09","slug":"nosotros","status":"publish","type":"page","link":"https:\/\/marescpa.com\/en\/nosotros\/","title":{"rendered":"About us"},"content":{"rendered":"<p><div class=\"fusion-fullwidth fullwidth-box fusion-builder-row-1 fusion-flex-container nonhundred-percent-fullwidth non-hundred-percent-height-scrolling\" style=\"background-color: rgba(255,255,255,0);background-position: center center;background-repeat: no-repeat;border-width: 0px 0px 0px 0px;border-color:var(--awb-color3);border-style:solid;\" ><div class=\"fusion-builder-row fusion-row fusion-flex-align-items-flex-start\" style=\"max-width:1248px;margin-left: calc(-4% \/ 2 );margin-right: calc(-4% \/ 2 );\"><div class=\"fusion-layout-column fusion_builder_column fusion-builder-column-0 fusion_builder_column_1_1 1_1 fusion-flex-column\"><div class=\"fusion-column-wrapper fusion-flex-justify-content-flex-start fusion-content-layout-column\" style=\"background-position:left top;background-repeat:no-repeat;-webkit-background-size:cover;-moz-background-size:cover;-o-background-size:cover;background-size:cover;padding: 0px 0px 0px 0px;\"><style type=\"text\/css\">.fusion-title.fusion-title-1 svg path{stroke-width:9!important}@media only screen and (max-width:1024px) {.fusion-title.fusion-title-1{margin-top:10px!important; margin-right:0px!important;margin-bottom:15px!important;margin-left:0px!important;}}@media only screen and (max-width:640px) {.fusion-title.fusion-title-1{margin-top:10px!important; margin-right:0px!important;margin-bottom:10px!important; margin-left:0px!important;}}<\/style><div class=\"fusion-title title fusion-title-1 fusion-sep-none fusion-title-highlight fusion-loop-on fusion-highlight-underline fusion-title-size-two\" style=\"margin-top:10px;margin-right:0px;margin-bottom:15px;margin-left:0px;\" data-highlight=\"underline\"><h2 class=\"title-heading-left\" style=\"margin:0;\"><span class=\"fusion-highlighted-text-prefix\"><\/span> <span class=\"fusion-highlighted-text-wrapper\"><span class=\"fusion-highlighted-text\">About us - What we offer<\/span><\/span> <span class=\"fusion-highlighted-text-postfix\"><\/span><\/h2><\/div><div class=\"fusion-separator fusion-full-width-sep\" style=\"align-self: center;margin-left: auto;margin-right: auto;margin-top:10px;margin-bottom:10px;width:100%;\"><\/div><div class=\"fusion-text fusion-text-1\"><p>Mares Bow Hair is a family business that offers you the finest bow hair for professional use.We are the third generation of our family to work with bow hair and our experience and long tradition means we are proud to guarantee the hight quality fo our products.<\/p>\n<p>Al of our bow hair originates from the cold climate areas fo the regions fo Mongolian, Siberan and China.<\/p>\n<p>The loyalty of our customers worldwide as well as our participation in major trade fairs (Musicora (Paris),Musikmesse (Frankfurt) and Cremona Mondomusica (Cremona) shows our commitment to providing the highest quality bow hair.<\/p>\n<p>We\u00a0 hope that our bow hair fulfils all your requirements.Please contact us if you need more infomation of have any question.<\/p>\n<p>Thank you<\/p>\n<p>bow hair &#8211; crins pour archets &#8211; crini per archi &#8211; bogenhaare &#8211; crin para el arco<\/p>\n<p>33 a\u00f1os (1992 &#8211; 2025)<\/p>\n<p>Beatriz Mares\u00a0 &#8211; beatriz@marescpa.com &#8211; 620 900 930<\/p>\n<\/div><\/div><style type=\"text\/css\">.fusion-body .fusion-builder-column-0{width:100% !important;margin-top : 0px;margin-bottom : 20px;}.fusion-builder-column-0 > .fusion-column-wrapper {padding-top : 0px !important;padding-right : 0px !important;margin-right : 1.92%;padding-bottom : 0px !important;padding-left : 0px !important;margin-left : 1.92%;}@media only screen and (max-width:1024px) {.fusion-body .fusion-builder-column-0{width:100% !important;order : 0;}.fusion-builder-column-0 > .fusion-column-wrapper {margin-right : 1.92%;margin-left : 1.92%;}}@media only screen and (max-width:640px) {.fusion-body .fusion-builder-column-0{width:100% !important;order : 0;}.fusion-builder-column-0 > .fusion-column-wrapper {margin-right : 1.92%;margin-left : 1.92%;}}<\/style><\/div><\/div><style type=\"text\/css\">.fusion-body .fusion-flex-container.fusion-builder-row-1{ padding-top : 0px;margin-top : 0px;padding-right : 0px;padding-bottom : 0px;margin-bottom : 0px;padding-left : 0px;}<\/style><\/div><div class=\"fusion-fullwidth fullwidth-box fusion-builder-row-2 fusion-flex-container nonhundred-percent-fullwidth non-hundred-percent-height-scrolling\" style=\"background-color: rgba(255,255,255,0);background-position: center center;background-repeat: no-repeat;border-width: 0px 0px 0px 0px;border-color:var(--awb-color3);border-style:solid;\" ><div class=\"fusion-builder-row fusion-row fusion-flex-align-items-flex-start\" style=\"max-width:1248px;margin-left: calc(-4% \/ 2 );margin-right: calc(-4% \/ 2 );\"><div class=\"fusion-layout-column fusion_builder_column fusion-builder-column-1 fusion_builder_column_1_1 1_1 fusion-flex-column\"><div class=\"fusion-column-wrapper fusion-flex-justify-content-flex-start fusion-content-layout-column\" style=\"background-position:left top;background-repeat:no-repeat;-webkit-background-size:cover;-moz-background-size:cover;-o-background-size:cover;background-size:cover;padding: 0px 0px 0px 0px;\"><style type=\"text\/css\">.fusion-title.fusion-title-2 svg path{stroke-width:9!important}@media only screen and (max-width:1024px) {.fusion-title.fusion-title-2{margin-top:10px!important; margin-right:0px!important;margin-bottom:15px!important;margin-left:0px!important;}}@media only screen and (max-width:640px) {.fusion-title.fusion-title-2{margin-top:10px!important; margin-right:0px!important;margin-bottom:10px!important; margin-left:0px!important;}}<\/style><div class=\"fusion-title title fusion-title-2 fusion-sep-none fusion-title-highlight fusion-loop-on fusion-highlight-underline fusion-title-size-two\" style=\"margin-top:10px;margin-right:0px;margin-bottom:15px;margin-left:0px;\" data-highlight=\"underline\"><h2 class=\"title-heading-left\" style=\"margin:0;\"><span class=\"fusion-highlighted-text-prefix\"><\/span> <span class=\"fusion-highlighted-text-wrapper\"><span class=\"fusion-highlighted-text\">Our Bow hair<\/span><\/span> <span class=\"fusion-highlighted-text-postfix\"><\/span><\/h2><\/div><div class=\"fusion-separator fusion-full-width-sep\" style=\"align-self: center;margin-left: auto;margin-right: auto;margin-top:10px;margin-bottom:10px;width:100%;\"><\/div><div class=\"fusion-text fusion-text-2\"><p>Horse tail hair. Mongolian Deluxe, Siberian Deluxe, Mongolian, Manchurian,cola special bass bow hair ,black,light grey,mixed, brown\/chestnut and colored horse tail hair. 100g hanks and\u00a0 6g\/7g\/8g y 10g single hank.<\/p>\n<\/div><\/div><style type=\"text\/css\">.fusion-body .fusion-builder-column-1{width:100% !important;margin-top : 0px;margin-bottom : 20px;}.fusion-builder-column-1 > .fusion-column-wrapper {padding-top : 0px !important;padding-right : 0px !important;margin-right : 1.92%;padding-bottom : 0px !important;padding-left : 0px !important;margin-left : 1.92%;}@media only screen and (max-width:1024px) {.fusion-body .fusion-builder-column-1{width:100% !important;order : 0;}.fusion-builder-column-1 > .fusion-column-wrapper {margin-right : 1.92%;margin-left : 1.92%;}}@media only screen and (max-width:640px) {.fusion-body .fusion-builder-column-1{width:100% !important;order : 0;}.fusion-builder-column-1 > .fusion-column-wrapper {margin-right : 1.92%;margin-left : 1.92%;}}<\/style><\/div><\/div><style type=\"text\/css\">.fusion-body .fusion-flex-container.fusion-builder-row-2{ padding-top : 0px;margin-top : 20px;padding-right : 0px;padding-bottom : 0px;margin-bottom : 0px;padding-left : 0px;}<\/style><\/div><div class=\"fusion-fullwidth fullwidth-box fusion-builder-row-3 fusion-flex-container nonhundred-percent-fullwidth non-hundred-percent-height-scrolling\" style=\"background-color: rgba(255,255,255,0);background-position: center center;background-repeat: no-repeat;border-width: 0px 0px 0px 0px;border-color:var(--awb-color3);border-style:solid;\" ><div class=\"fusion-builder-row fusion-row fusion-flex-align-items-flex-start\" style=\"max-width:1248px;margin-left: calc(-4% \/ 2 );margin-right: calc(-4% \/ 2 );\"><div class=\"fusion-layout-column fusion_builder_column fusion-builder-column-2 fusion_builder_column_1_1 1_1 fusion-flex-column\"><div class=\"fusion-column-wrapper fusion-flex-justify-content-flex-start fusion-content-layout-column\" style=\"background-position:left top;background-repeat:no-repeat;-webkit-background-size:cover;-moz-background-size:cover;-o-background-size:cover;background-size:cover;padding: 0px 0px 0px 0px;\"><style type=\"text\/css\">.fusion-title.fusion-title-3 svg path{stroke-width:9!important}@media only screen and (max-width:1024px) {.fusion-title.fusion-title-3{margin-top:10px!important; margin-right:0px!important;margin-bottom:15px!important;margin-left:0px!important;}}@media only screen and (max-width:640px) {.fusion-title.fusion-title-3{margin-top:10px!important; margin-right:0px!important;margin-bottom:10px!important; margin-left:0px!important;}}<\/style><div class=\"fusion-title title fusion-title-3 fusion-sep-none fusion-title-highlight fusion-loop-on fusion-highlight-underline fusion-title-size-two\" style=\"margin-top:10px;margin-right:0px;margin-bottom:15px;margin-left:0px;\" data-highlight=\"underline\"><h2 class=\"title-heading-left\" style=\"margin:0;\"><span class=\"fusion-highlighted-text-prefix\"><\/span> <span class=\"fusion-highlighted-text-wrapper\"><span class=\"fusion-highlighted-text\">Tools &amp; Care<\/span><\/span> <span class=\"fusion-highlighted-text-postfix\"><\/span><\/h2><\/div><div class=\"fusion-separator fusion-full-width-sep\" style=\"align-self: center;margin-left: auto;margin-right: auto;margin-top:10px;margin-bottom:10px;width:100%;\"><\/div><div class=\"fusion-text fusion-text-3\"><p>Mares CpA ofrece una selecci\u00f3n de materiales necesarios para el encerdado y cuidado de las cerdas.<\/p>\n<p>Para m\u00e1s informaci\u00f3n puede contactar a trav\u00e9s de email o tel\u00e9fono: <strong>beatriz@marescpa.com \u2013 620 900 930 <\/strong><\/p>\n<\/div><\/div><style type=\"text\/css\">.fusion-body .fusion-builder-column-2{width:100% !important;margin-top : 0px;margin-bottom : 20px;}.fusion-builder-column-2 > .fusion-column-wrapper {padding-top : 0px !important;padding-right : 0px !important;margin-right : 1.92%;padding-bottom : 0px !important;padding-left : 0px !important;margin-left : 1.92%;}@media only screen and (max-width:1024px) {.fusion-body .fusion-builder-column-2{width:100% !important;order : 0;}.fusion-builder-column-2 > .fusion-column-wrapper {margin-right : 1.92%;margin-left : 1.92%;}}@media only screen and (max-width:640px) {.fusion-body .fusion-builder-column-2{width:100% !important;order : 0;}.fusion-builder-column-2 > .fusion-column-wrapper {margin-right : 1.92%;margin-left : 1.92%;}}<\/style><\/div><\/div><style type=\"text\/css\">.fusion-body .fusion-flex-container.fusion-builder-row-3{ padding-top : 0px;margin-top : 20px;padding-right : 0px;padding-bottom : 0px;margin-bottom : 0px;padding-left : 0px;}<\/style><\/div><div class=\"fusion-fullwidth fullwidth-box fusion-builder-row-4 fusion-flex-container nonhundred-percent-fullwidth non-hundred-percent-height-scrolling\" style=\"background-color: rgba(255,255,255,0);background-position: center center;background-repeat: no-repeat;border-width: 0px 0px 0px 0px;border-color:var(--awb-color3);border-style:solid;\" ><div class=\"fusion-builder-row fusion-row fusion-flex-align-items-stretch\" style=\"max-width:1248px;margin-left: calc(-4% \/ 2 );margin-right: calc(-4% \/ 2 );\"><div class=\"fusion-layout-column fusion_builder_column fusion-builder-column-3 fusion_builder_column_1_1 1_1 fusion-flex-column fusion-flex-align-self-stretch\"><div class=\"fusion-column-wrapper fusion-flex-justify-content-flex-start fusion-content-layout-column\" style=\"background-position:left top;background-repeat:no-repeat;-webkit-background-size:cover;-moz-background-size:cover;-o-background-size:cover;background-size:cover;padding: 0px 0px 0px 0px;\"><div class=\"fusion-image-carousel fusion-image-carousel-auto fusion-image-carousel-1 lightbox-enabled\"><div class=\"fusion-carousel\" data-autoplay=\"no\" data-columns=\"4\" data-itemmargin=\"13\" data-itemwidth=\"180\" data-touchscroll=\"no\" data-imagesize=\"auto\"><div class=\"fusion-carousel-positioner\"><ul class=\"fusion-carousel-holder\"><li class=\"fusion-carousel-item\"><div class=\"fusion-carousel-item-wrapper\"><div class=\"fusion-image-wrapper hover-type-none\"><a data-rel=\"iLightbox[image_carousel_1]\" data-title=\"fabrica\" aria-label=\"fabrica\" href=\"https:\/\/marescpa.com\/wp-content\/uploads\/2022\/04\/fabrica.jpg\" target=\"_self\"><img decoding=\"async\" width=\"540\" height=\"354\" src=\"https:\/\/marescpa.com\/wp-content\/uploads\/2022\/04\/fabrica.jpg\" class=\"attachment-full size-full\" alt=\"\" srcset=\"https:\/\/marescpa.com\/wp-content\/uploads\/2022\/04\/fabrica-200x131.jpg 200w, https:\/\/marescpa.com\/wp-content\/uploads\/2022\/04\/fabrica-400x262.jpg 400w, https:\/\/marescpa.com\/wp-content\/uploads\/2022\/04\/fabrica.jpg 540w\" sizes=\"(min-width: 2200px) 100vw, (min-width: 856px) 290px, (min-width: 784px) 387px, (min-width: 712px) 581px, (min-width: 640px) 712px, \" \/><\/a><\/div><\/div><\/li><li class=\"fusion-carousel-item\"><div class=\"fusion-carousel-item-wrapper\"><div class=\"fusion-image-wrapper hover-type-none\"><a data-rel=\"iLightbox[image_carousel_1]\" data-title=\"fabrica primera\" aria-label=\"fabrica primera\" href=\"https:\/\/marescpa.com\/wp-content\/uploads\/2022\/04\/fabrica-primera.jpg\" target=\"_self\"><img decoding=\"async\" width=\"339\" height=\"227\" src=\"https:\/\/marescpa.com\/wp-content\/uploads\/2022\/04\/fabrica-primera.jpg\" class=\"attachment-full size-full\" alt=\"\" srcset=\"https:\/\/marescpa.com\/wp-content\/uploads\/2022\/04\/fabrica-primera-200x134.jpg 200w, https:\/\/marescpa.com\/wp-content\/uploads\/2022\/04\/fabrica-primera.jpg 339w\" sizes=\"(min-width: 2200px) 100vw, (min-width: 856px) 290px, (min-width: 784px) 387px, (min-width: 712px) 581px, (min-width: 640px) 712px, \" \/><\/a><\/div><\/div><\/li><li class=\"fusion-carousel-item\"><div class=\"fusion-carousel-item-wrapper\"><div class=\"fusion-image-wrapper hover-type-none\"><a data-rel=\"iLightbox[image_carousel_1]\" data-title=\"tarjeta abuelo\" aria-label=\"tarjeta abuelo\" href=\"https:\/\/marescpa.com\/wp-content\/uploads\/2022\/04\/tarjeta-abuelo.jpg\" target=\"_self\"><img decoding=\"async\" width=\"472\" height=\"354\" src=\"https:\/\/marescpa.com\/wp-content\/uploads\/2022\/04\/tarjeta-abuelo.jpg\" class=\"attachment-full size-full\" alt=\"\" srcset=\"https:\/\/marescpa.com\/wp-content\/uploads\/2022\/04\/tarjeta-abuelo-200x150.jpg 200w, https:\/\/marescpa.com\/wp-content\/uploads\/2022\/04\/tarjeta-abuelo-400x300.jpg 400w, https:\/\/marescpa.com\/wp-content\/uploads\/2022\/04\/tarjeta-abuelo.jpg 472w\" sizes=\"(min-width: 2200px) 100vw, (min-width: 856px) 290px, (min-width: 784px) 387px, (min-width: 712px) 581px, (min-width: 640px) 712px, \" \/><\/a><\/div><\/div><\/li><li class=\"fusion-carousel-item\"><div class=\"fusion-carousel-item-wrapper\"><div class=\"fusion-image-wrapper hover-type-none\"><a data-rel=\"iLightbox[image_carousel_1]\" data-title=\"30 a\u00f1os\" aria-label=\"30 a\u00f1os\" href=\"https:\/\/marescpa.com\/wp-content\/uploads\/2022\/04\/30-anos.jpg\" target=\"_self\"><img decoding=\"async\" width=\"227\" height=\"227\" src=\"https:\/\/marescpa.com\/wp-content\/uploads\/2022\/04\/30-anos.jpg\" class=\"attachment-full size-full\" alt=\"\" srcset=\"https:\/\/marescpa.com\/wp-content\/uploads\/2022\/04\/30-anos-200x200.jpg 200w, https:\/\/marescpa.com\/wp-content\/uploads\/2022\/04\/30-anos.jpg 227w\" sizes=\"(min-width: 2200px) 100vw, (min-width: 856px) 290px, (min-width: 784px) 387px, (min-width: 712px) 581px, (min-width: 640px) 712px, \" \/><\/a><\/div><\/div><\/li><li class=\"fusion-carousel-item\"><div class=\"fusion-carousel-item-wrapper\"><div class=\"fusion-image-wrapper hover-type-none\"><a data-rel=\"iLightbox[image_carousel_1]\" data-title=\"contactar Beatriz\" aria-label=\"contactar Beatriz\" href=\"https:\/\/marescpa.com\/wp-content\/uploads\/2022\/04\/contactar-Beatriz.jpg\" target=\"_self\"><img decoding=\"async\" width=\"278\" height=\"323\" src=\"https:\/\/marescpa.com\/wp-content\/uploads\/2022\/04\/contactar-Beatriz.jpg\" class=\"attachment-full size-full\" alt=\"\" srcset=\"https:\/\/marescpa.com\/wp-content\/uploads\/2022\/04\/contactar-Beatriz-200x232.jpg 200w, https:\/\/marescpa.com\/wp-content\/uploads\/2022\/04\/contactar-Beatriz.jpg 278w\" sizes=\"(min-width: 2200px) 100vw, (min-width: 856px) 290px, (min-width: 784px) 387px, (min-width: 712px) 581px, (min-width: 640px) 712px, \" \/><\/a><\/div><\/div><\/li><li class=\"fusion-carousel-item\"><div class=\"fusion-carousel-item-wrapper\"><div class=\"fusion-image-wrapper hover-type-none\"><a data-rel=\"iLightbox[image_carousel_1]\" data-title=\"logo-para-web2\" aria-label=\"logo-para-web2\" href=\"https:\/\/marescpa.com\/wp-content\/uploads\/2022\/05\/logo-para-web2.png\" target=\"_self\"><img decoding=\"async\" width=\"250\" height=\"114\" src=\"https:\/\/marescpa.com\/wp-content\/uploads\/2022\/05\/logo-para-web2.png\" class=\"attachment-full size-full\" alt=\"\" srcset=\"https:\/\/marescpa.com\/wp-content\/uploads\/2022\/05\/logo-para-web2-200x91.png 200w, https:\/\/marescpa.com\/wp-content\/uploads\/2022\/05\/logo-para-web2.png 250w\" sizes=\"(min-width: 2200px) 100vw, (min-width: 856px) 290px, (min-width: 784px) 387px, (min-width: 712px) 581px, (min-width: 640px) 712px, \" \/><\/a><\/div><\/div><\/li><\/ul><div class=\"fusion-carousel-nav\"><span class=\"fusion-nav-prev\"><\/span><span class=\"fusion-nav-next\"><\/span><\/div><\/div><\/div><\/div><\/div><style type=\"text\/css\">.fusion-body .fusion-builder-column-3{width:100% !important;margin-top : 0px;margin-bottom : 20px;}.fusion-builder-column-3 > .fusion-column-wrapper {padding-top : 0px !important;padding-right : 0px !important;margin-right : 1.92%;padding-bottom : 0px !important;padding-left : 0px !important;margin-left : 1.92%;}@media only screen and (max-width:1024px) {.fusion-body .fusion-builder-column-3{width:100% !important;order : 0;}.fusion-builder-column-3 > .fusion-column-wrapper {margin-right : 1.92%;margin-left : 1.92%;}}@media only screen and (max-width:640px) {.fusion-body .fusion-builder-column-3{width:100% !important;order : 0;}.fusion-builder-column-3 > .fusion-column-wrapper {margin-right : 1.92%;margin-left : 1.92%;}}<\/style><\/div><\/div><style type=\"text\/css\">.fusion-body .fusion-flex-container.fusion-builder-row-4{ padding-top : 0px;margin-top : 20px;padding-right : 0px;padding-bottom : 0px;margin-bottom : 0px;padding-left : 0px;}<\/style><\/div><\/p>\n","protected":false},"excerpt":{"rendered":"","protected":false},"author":1,"featured_media":0,"parent":0,"menu_order":0,"comment_status":"closed","ping_status":"closed","template":"","meta":{"footnotes":""},"yoast_head":"<!-- This site is optimized with the Yoast SEO plugin v23.5 - https:\/\/yoast.com\/wordpress\/plugins\/seo\/ -->\n<title>About us - Marescpa<\/title>\n<meta name=\"robots\" content=\"index, follow, max-snippet:-1, max-image-preview:large, max-video-preview:-1\" \/>\n<link rel=\"canonical\" href=\"https:\/\/marescpa.com\/en\/nosotros\/\" \/>\n<meta property=\"og:locale\" content=\"en_US\" \/>\n<meta property=\"og:type\" content=\"article\" \/>\n<meta property=\"og:title\" content=\"About us - Marescpa\" \/>\n<meta property=\"og:url\" content=\"https:\/\/marescpa.com\/en\/nosotros\/\" \/>\n<meta property=\"og:site_name\" content=\"Marescpa\" \/>\n<meta property=\"article:modified_time\" content=\"2025-09-18T15:40:09+00:00\" \/>\n<meta name=\"twitter:card\" content=\"summary_large_image\" \/>\n<meta name=\"twitter:label1\" content=\"Est. reading time\" \/>\n\t<meta name=\"twitter:data1\" content=\"8 minutes\" \/>\n<script type=\"application\/ld+json\" class=\"yoast-schema-graph\">{\"@context\":\"https:\/\/schema.org\",\"@graph\":[{\"@type\":\"WebPage\",\"@id\":\"https:\/\/marescpa.com\/en\/nosotros\/\",\"url\":\"https:\/\/marescpa.com\/en\/nosotros\/\",\"name\":\"About us - Marescpa\",\"isPartOf\":{\"@id\":\"https:\/\/marescpa.com\/en\/#website\"},\"datePublished\":\"2022-04-11T12:21:35+00:00\",\"dateModified\":\"2025-09-18T15:40:09+00:00\",\"breadcrumb\":{\"@id\":\"https:\/\/marescpa.com\/en\/nosotros\/#breadcrumb\"},\"inLanguage\":\"en-US\",\"potentialAction\":[{\"@type\":\"ReadAction\",\"target\":[\"https:\/\/marescpa.com\/en\/nosotros\/\"]}]},{\"@type\":\"BreadcrumbList\",\"@id\":\"https:\/\/marescpa.com\/en\/nosotros\/#breadcrumb\",\"itemListElement\":[{\"@type\":\"ListItem\",\"position\":1,\"name\":\"Portada\",\"item\":\"https:\/\/marescpa.com\/en\/\"},{\"@type\":\"ListItem\",\"position\":2,\"name\":\"About us\"}]},{\"@type\":\"WebSite\",\"@id\":\"https:\/\/marescpa.com\/en\/#website\",\"url\":\"https:\/\/marescpa.com\/en\/\",\"name\":\"Marescpa\",\"description\":\"Just another WordPress site\",\"potentialAction\":[{\"@type\":\"SearchAction\",\"target\":{\"@type\":\"EntryPoint\",\"urlTemplate\":\"https:\/\/marescpa.com\/en\/?s={search_term_string}\"},\"query-input\":{\"@type\":\"PropertyValueSpecification\",\"valueRequired\":true,\"valueName\":\"search_term_string\"}}],\"inLanguage\":\"en-US\"}]}<\/script>\n<!-- \/ Yoast SEO plugin. -->","yoast_head_json":{"title":"About us - Marescpa","robots":{"index":"index","follow":"follow","max-snippet":"max-snippet:-1","max-image-preview":"max-image-preview:large","max-video-preview":"max-video-preview:-1"},"canonical":"https:\/\/marescpa.com\/en\/nosotros\/","og_locale":"en_US","og_type":"article","og_title":"About us - Marescpa","og_url":"https:\/\/marescpa.com\/en\/nosotros\/","og_site_name":"Marescpa","article_modified_time":"2025-09-18T15:40:09+00:00","twitter_card":"summary_large_image","twitter_misc":{"Est. reading time":"8 minutes"},"schema":{"@context":"https:\/\/schema.org","@graph":[{"@type":"WebPage","@id":"https:\/\/marescpa.com\/en\/nosotros\/","url":"https:\/\/marescpa.com\/en\/nosotros\/","name":"About us - Marescpa","isPartOf":{"@id":"https:\/\/marescpa.com\/en\/#website"},"datePublished":"2022-04-11T12:21:35+00:00","dateModified":"2025-09-18T15:40:09+00:00","breadcrumb":{"@id":"https:\/\/marescpa.com\/en\/nosotros\/#breadcrumb"},"inLanguage":"en-US","potentialAction":[{"@type":"ReadAction","target":["https:\/\/marescpa.com\/en\/nosotros\/"]}]},{"@type":"BreadcrumbList","@id":"https:\/\/marescpa.com\/en\/nosotros\/#breadcrumb","itemListElement":[{"@type":"ListItem","position":1,"name":"Portada","item":"https:\/\/marescpa.com\/en\/"},{"@type":"ListItem","position":2,"name":"About us"}]},{"@type":"WebSite","@id":"https:\/\/marescpa.com\/en\/#website","url":"https:\/\/marescpa.com\/en\/","name":"Marescpa","description":"Just another WordPress site","potentialAction":[{"@type":"SearchAction","target":{"@type":"EntryPoint","urlTemplate":"https:\/\/marescpa.com\/en\/?s={search_term_string}"},"query-input":{"@type":"PropertyValueSpecification","valueRequired":true,"valueName":"search_term_string"}}],"inLanguage":"en-US"}]}},"_links":{"self":[{"href":"https:\/\/marescpa.com\/en\/wp-json\/wp\/v2\/pages\/813"}],"collection":[{"href":"https:\/\/marescpa.com\/en\/wp-json\/wp\/v2\/pages"}],"about":[{"href":"https:\/\/marescpa.com\/en\/wp-json\/wp\/v2\/types\/page"}],"author":[{"embeddable":true,"href":"https:\/\/marescpa.com\/en\/wp-json\/wp\/v2\/users\/1"}],"replies":[{"embeddable":true,"href":"https:\/\/marescpa.com\/en\/wp-json\/wp\/v2\/comments?post=813"}],"version-history":[{"count":7,"href":"https:\/\/marescpa.com\/en\/wp-json\/wp\/v2\/pages\/813\/revisions"}],"predecessor-version":[{"id":1181,"href":"https:\/\/marescpa.com\/en\/wp-json\/wp\/v2\/pages\/813\/revisions\/1181"}],"wp:attachment":[{"href":"https:\/\/marescpa.com\/en\/wp-json\/wp\/v2\/media?parent=813"}],"curies":[{"name":"wp","href":"https:\/\/api.w.org\/{rel}","templated":true}]}}